{"id":1480,"date":"2020-10-14T06:28:52","date_gmt":"2020-10-14T06:28:52","guid":{"rendered":"https:\/\/pekinas.hu\/?page_id=1480"},"modified":"2022-06-20T08:47:25","modified_gmt":"2022-06-20T08:47:25","slug":"gm_vedelmi_pajzs","status":"publish","type":"page","link":"https:\/\/pekinas.hu\/en\/gm_vedelmi_pajzs\/","title":{"rendered":"Gluten-Free Quality Control"},"content":{"rendered":"<p>[et_pb_section fb_built=&#8221;1&#8243; admin_label=&#8221;Header&#8221; _builder_version=&#8221;4.16&#8243; custom_padding=&#8221;8px|0px|2px|0px|false|false&#8221; global_colors_info=&#8221;{}&#8221;][et_pb_row _builder_version=&#8221;4.17.4&#8243; use_background_color_gradient=&#8221;on&#8221; background_color_gradient_stops=&#8221;#FFFFFF 0%|#FFFFFF 100%&#8221; background_color_gradient_start=&#8221;#FFFFFF&#8221; background_color_gradient_end=&#8221;#FFFFFF&#8221; background_enable_image=&#8221;off&#8221; background_size=&#8221;initial&#8221; background_position=&#8221;top_left&#8221; width=&#8221;90%&#8221; max_width=&#8221;90%&#8221; custom_margin=&#8221;|auto|-3px|auto||&#8221; custom_padding=&#8221;0|0px|0px|0px|false|true&#8221; use_custom_width=&#8221;on&#8221; width_unit=&#8221;off&#8221; custom_width_percent=&#8221;90%&#8221; global_colors_info=&#8221;{}&#8221;][et_pb_column type=&#8221;4_4&#8243; _builder_version=&#8221;4.17.4&#8243; background_enable_image=&#8221;off&#8221; background_size=&#8221;initial&#8221; background_position=&#8221;top_right&#8221; custom_padding=&#8221;80px|||&#8221; global_colors_info=&#8221;{}&#8221; custom_padding__hover=&#8221;|||&#8221;][et_pb_image src=&#8221;https:\/\/pekinas.hu\/wp-content\/uploads\/2020\/07\/glutenmentes-logo-szurke.png&#8221; title_text=&#8221;glutenmentes p\u00e9kinas logo&#8221; align=&#8221;center&#8221; align_tablet=&#8221;center&#8221; align_phone=&#8221;&#8221; align_last_edited=&#8221;on|desktop&#8221; _builder_version=&#8221;4.16&#8243; max_width=&#8221;34%&#8221; max_width_tablet=&#8221;&#8221; max_width_phone=&#8221;&#8221; max_width_last_edited=&#8221;on|desktop&#8221; custom_margin=&#8221;-65px||20px|||&#8221; custom_padding=&#8221;0px|||||&#8221; global_colors_info=&#8221;{}&#8221;][\/et_pb_image][et_pb_text _builder_version=&#8221;4.17.4&#8243; text_font=&#8221;PT Sans||||||||&#8221; text_font_size=&#8221;30px&#8221; text_line_height=&#8221;1.8em&#8221; link_font=&#8221;PT Sans||||||||&#8221; ul_font=&#8221;PT Sans||||||||&#8221; ol_font=&#8221;PT Sans||||||||&#8221; quote_font=&#8221;PT Sans||||||||&#8221; header_font=&#8221;Playfair Display||||||||&#8221; header_font_size=&#8221;60px&#8221; header_line_height=&#8221;1.2em&#8221; header_2_font=&#8221;PT Sans||||||||&#8221; header_3_font=&#8221;PT Sans||||||||&#8221; header_4_font=&#8221;PT Sans||||||||&#8221; header_5_font=&#8221;PT Sans||||||||&#8221; header_6_font=&#8221;PT Sans||||||||&#8221; text_orientation=&#8221;center&#8221; width=&#8221;73%&#8221; module_alignment=&#8221;center&#8221; min_height=&#8221;157px&#8221; custom_padding=&#8221;||0px|||&#8221; text_font_size_tablet=&#8221;&#8221; text_font_size_phone=&#8221;16px&#8221; text_font_size_last_edited=&#8221;on|desktop&#8221; header_font_size_tablet=&#8221;40px&#8221; header_font_size_phone=&#8221;&#8221; header_font_size_last_edited=&#8221;on|tablet&#8221; global_colors_info=&#8221;{}&#8221;]<\/p>\n<h1>The 5 pillars of the quality protection shield at P\u00e9kinas<\/h1>\n<h1>for guaranteed Gluten-Free Products.<\/h1>\n<p>[\/et_pb_text][\/et_pb_column][\/et_pb_row][et_pb_row _builder_version=&#8221;4.16&#8243; _module_preset=&#8221;default&#8221; global_colors_info=&#8221;{}&#8221;][et_pb_column type=&#8221;4_4&#8243; _builder_version=&#8221;4.16&#8243; _module_preset=&#8221;default&#8221; global_colors_info=&#8221;{}&#8221;][et_pb_text _builder_version=&#8221;4.16&#8243; _module_preset=&#8221;default&#8221; global_colors_info=&#8221;{}&#8221;]<\/p>\n<h2 style=\"text-align: center;\">Gluten-Free Quality Control<\/h2>\n<p>[\/et_pb_text][\/et_pb_column][\/et_pb_row][et_pb_row column_structure=&#8221;2_3,1_3&#8243; disabled_on=&#8221;on|on|off&#8221; _builder_version=&#8221;4.16&#8243; _module_preset=&#8221;default&#8221; positioning=&#8221;fixed&#8221; position_origin_f=&#8221;top_right&#8221; vertical_offset=&#8221;70px&#8221; z_index=&#8221;500&#8243; custom_margin=&#8221;3px|auto||auto||&#8221; custom_padding=&#8221;5px||7px|||&#8221; global_colors_info=&#8221;{}&#8221;][et_pb_column type=&#8221;2_3&#8243; _builder_version=&#8221;4.16&#8243; _module_preset=&#8221;default&#8221; global_colors_info=&#8221;{}&#8221;][\/et_pb_column][et_pb_column type=&#8221;1_3&#8243; _builder_version=&#8221;4.16&#8243; _module_preset=&#8221;default&#8221; global_colors_info=&#8221;{}&#8221;][et_pb_image src=&#8221;https:\/\/pekinas.hu\/wp-content\/uploads\/2019\/02\/eu2020-1.jpg&#8221; title_text=&#8221;eu2020-1&#8243; url=&#8221;https:\/\/pekinas.hu\/palyazat-2\/&#8221; url_new_window=&#8221;on&#8221; force_fullwidth=&#8221;on&#8221; _builder_version=&#8221;4.16&#8243; _module_preset=&#8221;default&#8221; custom_margin=&#8221;-6px|0px|||false|false&#8221; custom_padding=&#8221;|0px|||false|false&#8221; global_colors_info=&#8221;{}&#8221;][\/et_pb_image][\/et_pb_column][\/et_pb_row][et_pb_row _builder_version=&#8221;4.16&#8243; _module_preset=&#8221;default&#8221; global_colors_info=&#8221;{}&#8221;][et_pb_column type=&#8221;4_4&#8243; _builder_version=&#8221;4.16&#8243; _module_preset=&#8221;default&#8221; global_colors_info=&#8221;{}&#8221;][et_pb_image src=&#8221;https:\/\/pekinas.hu\/wp-content\/uploads\/2022\/06\/Nevtelen-terv-17.png&#8221; title_text=&#8221;N\u00e9vtelen terv (17)&#8221; align=&#8221;center&#8221; _builder_version=&#8221;4.17.4&#8243; width=&#8221;13%&#8221; width_tablet=&#8221;13%&#8221; width_phone=&#8221;13%&#8221; width_last_edited=&#8221;on|phone&#8221; max_width=&#8221;30%&#8221; module_alignment=&#8221;center&#8221; always_center_on_mobile=&#8221;off&#8221; global_colors_info=&#8221;{}&#8221;][\/et_pb_image][et_pb_text _builder_version=&#8221;4.17.4&#8243; text_font=&#8221;||||||||&#8221; text_line_height=&#8221;2em&#8221; header_font=&#8221;Playfair Display||||||||&#8221; header_2_font=&#8221;Playfair Display|600|||||||&#8221; header_2_font_size=&#8221;36px&#8221; header_2_line_height=&#8221;1.4em&#8221; header_3_font=&#8221;Playfair Display|600||on|||||&#8221; header_3_font_size=&#8221;16px&#8221; header_3_letter_spacing=&#8221;1px&#8221; header_3_line_height=&#8221;1.4em&#8221; header_4_font=&#8221;Patua One|||on|||||&#8221; header_4_text_color=&#8221;#a06d51&#8243; header_4_font_size=&#8221;14px&#8221; header_4_letter_spacing=&#8221;1px&#8221; header_4_line_height=&#8221;1.4em&#8221; header_2_font_size_tablet=&#8221;26px&#8221; header_2_font_size_phone=&#8221;20px&#8221; header_2_font_size_last_edited=&#8221;on|phone&#8221; header_3_font_size_phone=&#8221;16px&#8221; header_3_font_size_last_edited=&#8221;off|phone&#8221; locked=&#8221;off&#8221; global_colors_info=&#8221;{}&#8221;]<\/p>\n<h3 style=\"text-align: center;\">1. SAFETY<\/h3>\n<p class=\"Norm_l_web_ tm7 translation-block\" style=\"text-align: justify;\">Many of our valued customers and followers often inquire about <strong><span class=\"tm8\">how P\u00e9kinas ensures that products bearing the green circle logo are indeed gluten-free<\/span><\/strong><span>. We recognize the immense responsibility that comes with manufacturing <\/span><strong><span class=\"tm8\">allergen-free food<\/span><\/strong><span>, understanding that any gluten contamination can result in severe consequences for the consumer's health. <\/span><strong><span class=\"tm8\">With our gluten-free bakery products<\/span><\/strong><span>, our focus extends beyond merely delivering excellent taste, freshness, and shelf life; paramount to us is ensuring they are <\/span><strong><span class=\"tm8\">100% gluten-free<\/span><\/strong><span>, emphasizing safety as the cornerstone of quality. \n\nEach component of our  <\/span><strong><span class=\"tm8\">gluten-free products<\/span><\/strong><span> undergoes meticulous formulation overseen by a dedicated food technologist. This meticulous approach marks the initial stride toward achieving <\/span><strong><span class=\"tm8\">impeccable gluten-free quality.<\/span><\/strong><span><\/p>\n<p>[\/et_pb_text][\/et_pb_column][\/et_pb_row][et_pb_row column_structure=&#8221;1_2,1_2&#8243; _builder_version=&#8221;4.16&#8243; _module_preset=&#8221;default&#8221; global_colors_info=&#8221;{}&#8221;][et_pb_column type=&#8221;1_2&#8243; _builder_version=&#8221;4.16&#8243; _module_preset=&#8221;default&#8221; global_colors_info=&#8221;{}&#8221;][et_pb_image src=&#8221;https:\/\/pekinas.hu\/wp-content\/uploads\/2022\/06\/Nevtelen-terv-16.png&#8221; title_text=&#8221;N\u00e9vtelen terv (16)&#8221; align=&#8221;center&#8221; _builder_version=&#8221;4.17.4&#8243; width=&#8221;20%&#8221; width_tablet=&#8221;20%&#8221; width_phone=&#8221;20%&#8221; width_last_edited=&#8221;on|phone&#8221; max_width=&#8221;30%&#8221; module_alignment=&#8221;center&#8221; always_center_on_mobile=&#8221;off&#8221; global_colors_info=&#8221;{}&#8221;][\/et_pb_image][et_pb_text _builder_version=&#8221;4.17.4&#8243; text_font=&#8221;||||||||&#8221; text_line_height=&#8221;2em&#8221; header_font=&#8221;Playfair Display||||||||&#8221; header_2_font=&#8221;Playfair Display|600|||||||&#8221; header_2_font_size=&#8221;36px&#8221; header_2_line_height=&#8221;1.4em&#8221; header_3_font=&#8221;Playfair Display|600||on|||||&#8221; header_3_font_size=&#8221;16px&#8221; header_3_letter_spacing=&#8221;1px&#8221; header_3_line_height=&#8221;1.4em&#8221; header_4_font=&#8221;Patua One|||on|||||&#8221; header_4_text_color=&#8221;#a06d51&#8243; header_4_font_size=&#8221;14px&#8221; header_4_letter_spacing=&#8221;1px&#8221; header_4_line_height=&#8221;1.4em&#8221; header_2_font_size_tablet=&#8221;26px&#8221; header_2_font_size_phone=&#8221;20px&#8221; header_2_font_size_last_edited=&#8221;on|phone&#8221; header_3_font_size_phone=&#8221;16px&#8221; header_3_font_size_last_edited=&#8221;off|phone&#8221; locked=&#8221;off&#8221; global_colors_info=&#8221;{}&#8221;]<\/p>\n<h3 style=\"text-align: center;\">2. CLEAN BAKERY PLANTS<\/h3>\n<p style=\"text-align: justify;\" class=\" translation-block\">How can you be certain that when you select P\u00e9kinas green circle pastries, you're choosing a <strong>guaranteed gluten-free product<\/strong>? Beyond emphasizing <strong>safety<\/strong>, the second pillar of our quality assurance lies in maintaining a <strong>\"CLEAN FACTORY\"<\/strong> environment. \n\nWhat does this entail? It means that all our green logo products are crafted in isolation, on a dedicated <strong>production line exclusively reserved for gluten-free items<\/strong>, thereby eliminating any risk of cross-contamination. \n\nBut our commitment doesn't end there! We are diligently working on implementing three additional quality principles <strong>to ensure the 100% gluten-free integrity of P\u00e9kinas delicacies.<\/strong><\/p>\n<p>[\/et_pb_text][\/et_pb_column][et_pb_column type=&#8221;1_2&#8243; _builder_version=&#8221;4.16&#8243; _module_preset=&#8221;default&#8221; global_colors_info=&#8221;{}&#8221;][et_pb_image src=&#8221;https:\/\/pekinas.hu\/wp-content\/uploads\/2022\/06\/Nevtelen-terv-13.png&#8221; title_text=&#8221;N\u00e9vtelen terv (13)&#8221; align=&#8221;center&#8221; _builder_version=&#8221;4.17.4&#8243; width=&#8221;20%&#8221; width_tablet=&#8221;20%&#8221; width_phone=&#8221;20%&#8221; width_last_edited=&#8221;on|phone&#8221; max_width=&#8221;30%&#8221; module_alignment=&#8221;center&#8221; always_center_on_mobile=&#8221;off&#8221; global_colors_info=&#8221;{}&#8221;][\/et_pb_image][et_pb_text _builder_version=&#8221;4.17.4&#8243; text_font=&#8221;||||||||&#8221; text_line_height=&#8221;2em&#8221; header_font=&#8221;Playfair Display||||||||&#8221; header_2_font=&#8221;Playfair Display|600|||||||&#8221; header_2_font_size=&#8221;36px&#8221; header_2_line_height=&#8221;1.4em&#8221; header_3_font=&#8221;Playfair Display|600||on|||||&#8221; header_3_font_size=&#8221;16px&#8221; header_3_letter_spacing=&#8221;1px&#8221; header_3_line_height=&#8221;1.4em&#8221; header_4_font=&#8221;Patua One|||on|||||&#8221; header_4_text_color=&#8221;#a06d51&#8243; header_4_font_size=&#8221;14px&#8221; header_4_letter_spacing=&#8221;1px&#8221; header_4_line_height=&#8221;1.4em&#8221; header_2_font_size_tablet=&#8221;26px&#8221; header_2_font_size_phone=&#8221;20px&#8221; header_2_font_size_last_edited=&#8221;on|phone&#8221; header_3_font_size_phone=&#8221;16px&#8221; header_3_font_size_last_edited=&#8221;off|phone&#8221; locked=&#8221;off&#8221; global_colors_info=&#8221;{}&#8221;]<\/p>\n<h3 style=\"text-align: center;\">3. CONTINUOUS MONITORING<\/h3>\n<p class=\"Norm_l_web_ tm7 translation-block\" style=\"text-align: justify;\">You can purchase <strong><span class=\"tm8\">P\u00e9kinas gluten-free products<\/span><\/strong><span> frozen, offering convenience and assurance. Simply allow them to defrost at room temperature at home, and they're ready to enjoy. \n\nIn our commitment to gluten-free excellence, we operate on multiple fronts. Having addressed safety and upheld a  <\/span><strong><span class=\"tm8\">clean production environment<\/span><\/strong><span>, our third line of defense is <strong><span class=\"tm8\">CONSTANT PRODUCT CONTROL.<\/span><\/strong><span> \n\n <\/span><strong><span class=\"tm8\">We meticulously inspect<\/span><\/strong><span> our products at every stage of the baking process, ensuring adherence to gluten-free standards. They exit our facility frozen and securely packaged, affirming their freedom from gluten.<\/p>\n<p>[\/et_pb_text][\/et_pb_column][\/et_pb_row][et_pb_row column_structure=&#8221;1_2,1_2&#8243; _builder_version=&#8221;4.16&#8243; _module_preset=&#8221;default&#8221; global_colors_info=&#8221;{}&#8221;][et_pb_column type=&#8221;1_2&#8243; _builder_version=&#8221;4.16&#8243; _module_preset=&#8221;default&#8221; global_colors_info=&#8221;{}&#8221;][et_pb_image src=&#8221;https:\/\/pekinas.hu\/wp-content\/uploads\/2022\/06\/Nevtelen-terv-15.png&#8221; title_text=&#8221;N\u00e9vtelen terv (15)&#8221; align=&#8221;center&#8221; _builder_version=&#8221;4.17.4&#8243; width=&#8221;20%&#8221; width_tablet=&#8221;20%&#8221; width_phone=&#8221;20%&#8221; width_last_edited=&#8221;on|phone&#8221; max_width=&#8221;30%&#8221; module_alignment=&#8221;center&#8221; always_center_on_mobile=&#8221;off&#8221; global_colors_info=&#8221;{}&#8221;][\/et_pb_image][et_pb_text _builder_version=&#8221;4.16&#8243; text_font=&#8221;||||||||&#8221; text_line_height=&#8221;2em&#8221; header_font=&#8221;||||||||&#8221; header_2_font=&#8221;Patua One|600|||||||&#8221; header_2_font_size=&#8221;36px&#8221; header_2_line_height=&#8221;1.4em&#8221; header_3_font=&#8221;Playfair Display|600||on|||||&#8221; header_3_font_size=&#8221;16px&#8221; header_3_letter_spacing=&#8221;1px&#8221; header_3_line_height=&#8221;1.4em&#8221; header_4_font=&#8221;Patua One|||on|||||&#8221; header_4_text_color=&#8221;#a06d51&#8243; header_4_font_size=&#8221;14px&#8221; header_4_letter_spacing=&#8221;1px&#8221; header_4_line_height=&#8221;1.4em&#8221; header_2_font_size_tablet=&#8221;26px&#8221; header_2_font_size_phone=&#8221;20px&#8221; header_2_font_size_last_edited=&#8221;on|phone&#8221; header_3_font_size_phone=&#8221;16px&#8221; header_3_font_size_last_edited=&#8221;off|phone&#8221; locked=&#8221;off&#8221; global_colors_info=&#8221;{}&#8221;]<\/p>\n<h3 style=\"text-align: center;\">4. CERTIFIED SUPPLIERS<\/h3>\n<p style=\"text-align: justify;\" class=\" translation-block\">Our gluten-free products, crafted <strong>in a pristine facility on a dedicated production line<\/strong>, undergo rigorous scrutiny at each stage of production. Rest assured, the finished bakery delights exit the plant solely in securely sealed packaging, maintaining their <strong>gluten-free integrity<\/strong> from our hands to yours.<\/p>\n<p style=\"text-align: justify;\" class=\" translation-block\">Prior to production, <strong>ensuring the safety of our raw materials is paramount<\/strong>. P\u00e9kinas conducts regular audits of all its suppliers in accordance with the BCR standard. This stringent evaluation process ensures that our suppliers consistently uphold the highest food safety standards throughout their production and processing operations. \n\nWe exclusively collaborate with suppliers who demonstrate an <strong>unwavering commitment to maintaining a clean plant environment<\/strong>, further reinforcing our dedication to delivering safe and superior-quality ingredients.<\/p>\n<p>[\/et_pb_text][\/et_pb_column][et_pb_column type=&#8221;1_2&#8243; _builder_version=&#8221;4.16&#8243; _module_preset=&#8221;default&#8221; global_colors_info=&#8221;{}&#8221;][et_pb_image src=&#8221;https:\/\/pekinas.hu\/wp-content\/uploads\/2022\/06\/Nevtelen-terv-1.png&#8221; title_text=&#8221;N\u00e9vtelen terv (1)&#8221; align=&#8221;center&#8221; _builder_version=&#8221;4.17.4&#8243; width=&#8221;20%&#8221; width_tablet=&#8221;20%&#8221; width_phone=&#8221;20%&#8221; width_last_edited=&#8221;on|phone&#8221; max_width=&#8221;30%&#8221; module_alignment=&#8221;center&#8221; always_center_on_mobile=&#8221;off&#8221; global_colors_info=&#8221;{}&#8221;][\/et_pb_image][et_pb_text _builder_version=&#8221;4.17.4&#8243; text_font=&#8221;||||||||&#8221; text_line_height=&#8221;2em&#8221; header_font=&#8221;||||||||&#8221; header_2_font=&#8221;Patua One|600|||||||&#8221; header_2_font_size=&#8221;36px&#8221; header_2_line_height=&#8221;1.4em&#8221; header_3_font=&#8221;Playfair Display|600||on|||||&#8221; header_3_font_size=&#8221;16px&#8221; header_3_letter_spacing=&#8221;1px&#8221; header_3_line_height=&#8221;1.4em&#8221; header_4_font=&#8221;Patua One|||on|||||&#8221; header_4_text_color=&#8221;#a06d51&#8243; header_4_font_size=&#8221;14px&#8221; header_4_letter_spacing=&#8221;1px&#8221; header_4_line_height=&#8221;1.4em&#8221; header_2_font_size_tablet=&#8221;26px&#8221; header_2_font_size_phone=&#8221;20px&#8221; header_2_font_size_last_edited=&#8221;on|phone&#8221; header_3_font_size_phone=&#8221;16px&#8221; header_3_font_size_last_edited=&#8221;off|phone&#8221; locked=&#8221;off&#8221; global_colors_info=&#8221;{}&#8221;]<\/p>\n<h3 style=\"text-align: center;\">5. AUDITED INGREDIENTS WITH ACCURATE VALUES<\/h3>\n<p class=\"Norm_l_web_ tm7 translation-block\" style=\"text-align: justify;\">The production and distribution of <strong><span class=\"tm8\">gluten-free products<\/span><\/strong><span> carry immense responsibility, as any contamination could result in severe health repercussions for consumers. This is why P\u00e9kinas is fully committed to combating gluten on multiple fronts. \n\nOur final, yet crucial safeguard involves rigorous testing of all ingredients in the Food Chain Safety Centre's laboratory, with results meticulously documented. We eschew estimated values in favor of precise measurements, ensuring full transparency regarding the composition of our gluten-free bakery products. \n\nThis approach enables us to <strong><span class=\"tm8\">assume accountability and foster trust among our gluten-free customers<\/span><\/strong><span>, underscoring our unwavering commitment to their health and well-being.<\/p>\n<p>[\/et_pb_text][\/et_pb_column][\/et_pb_row][\/et_pb_section][et_pb_section fb_built=&#8221;1&#8243; admin_label=&#8221;Footer&#8221; _builder_version=&#8221;4.17.4&#8243; use_background_color_gradient=&#8221;on&#8221; background_color_gradient_stops=&#8221;#160d08 0%|rgba(0,0,0,0.66) 100%&#8221; background_color_gradient_overlays_image=&#8221;on&#8221; background_color_gradient_start=&#8221;#160d08&#8243; background_color_gradient_end=&#8221;rgba(0,0,0,0.66)&#8221; background_image=&#8221;https:\/\/pekinas.hu\/wp-content\/uploads\/2021\/03\/pekinas-glutenmentes-pekaruk-8.png&#8221; custom_padding=&#8221;0|0px|110px|0px|false|false&#8221; hover_enabled=&#8221;0&#8243; locked=&#8221;off&#8221; global_colors_info=&#8221;{}&#8221; sticky_enabled=&#8221;0&#8243;][et_pb_row column_structure=&#8221;1_2,1_2&#8243; _builder_version=&#8221;4.16&#8243; width=&#8221;100%&#8221; max_width=&#8221;100%&#8221; custom_padding=&#8221;0|0px|0|0px|false|false&#8221; use_custom_width=&#8221;on&#8221; width_unit=&#8221;off&#8221; custom_width_percent=&#8221;100%&#8221; global_colors_info=&#8221;{}&#8221;][et_pb_column type=&#8221;1_2&#8243; _builder_version=&#8221;4.16&#8243; _module_preset=&#8221;default&#8221; global_colors_info=&#8221;{}&#8221;][\/et_pb_column][et_pb_column type=&#8221;1_2&#8243; _builder_version=&#8221;4.16&#8243; custom_padding=&#8221;|||&#8221; global_colors_info=&#8221;{}&#8221; custom_padding__hover=&#8221;|||&#8221;][\/et_pb_column][\/et_pb_row][et_pb_row _builder_version=&#8221;4.16&#8243; _module_preset=&#8221;default&#8221; global_colors_info=&#8221;{}&#8221;][et_pb_column type=&#8221;4_4&#8243; _builder_version=&#8221;4.16&#8243; _module_preset=&#8221;default&#8221; global_colors_info=&#8221;{}&#8221;][et_pb_text _builder_version=&#8221;4.17.4&#8243; text_font=&#8221;PT Sans|700|||||||&#8221; text_line_height=&#8221;2em&#8221; link_font=&#8221;||||||||&#8221; link_text_color=&#8221;#a06d51&#8243; header_font=&#8221;||||||||&#8221; header_3_font=&#8221;Playfair Display|700|||||||&#8221; header_3_text_align=&#8221;center&#8221; header_3_text_color=&#8221;#8ebe2b&#8221; header_3_font_size=&#8221;49px&#8221; header_3_line_height=&#8221;2em&#8221; background_layout=&#8221;dark&#8221; custom_padding=&#8221;28px|||||&#8221; header_font_size_tablet=&#8221;&#8221; header_font_size_phone=&#8221;30px&#8221; header_font_size_last_edited=&#8221;on|phone&#8221; header_3_font_size_tablet=&#8221;&#8221; header_3_font_size_phone=&#8221;30px&#8221; header_3_font_size_last_edited=&#8221;on|phone&#8221; locked=&#8221;off&#8221; global_colors_info=&#8221;{}&#8221;]<\/p>\n<h3>Quality gluten-free bakery products<\/h3>\n<h3>in quality stores.<\/h3>\n<p>[\/et_pb_text][\/et_pb_column][\/et_pb_row][\/et_pb_section]<\/p>","protected":false},"excerpt":{"rendered":"<p>A P\u00e9kinas 5 v\u00e9delmi pajzsa a garant\u00e1ltan glut\u00e9nmentes term\u00e9kek\u00e9rt.A min\u0151s\u00e9g alappill\u00e9rei a P\u00e9kinasn\u00e1l!1. biztons\u00e1g V\u00e1s\u00e1rl\u00f3ink, k\u00f6vet\u0151ink k\u00f6z\u00f6tt sokszor felmer\u00fcl a k\u00e9rd\u00e9s, hogyan garant\u00e1lja a P\u00e9kinas a glut\u00e9nmentess\u00e9get a\u00a0z\u00f6ld karik\u00e1s log\u00f3val ell\u00e1tott term\u00e9kek eset\u00e9ben! B\u00e1rki, aki mentes \u00e9lelmiszerek gy\u00e1rt\u00e1s\u00e1val foglalkozik, \u00f3ri\u00e1si felel\u0151ss\u00e9ggel tartozik a v\u00e1s\u00e1rl\u00f3i fel\u00e9! Ha az \u00e9tel glut\u00e9nnal szennyez\u0151dik, annak komoly fizikai k\u00f6vetkezm\u00e9nyei lehetnek [&hellip;]<\/p>","protected":false},"author":2,"featured_media":0,"parent":0,"menu_order":0,"comment_status":"closed","ping_status":"closed","template":"","meta":{"_et_pb_use_builder":"on","_et_pb_old_content":"","_et_gb_content_width":"","ngg_post_thumbnail":0},"acf":[],"_links":{"self":[{"href":"https:\/\/pekinas.hu\/en\/wp-json\/wp\/v2\/pages\/1480"}],"collection":[{"href":"https:\/\/pekinas.hu\/en\/wp-json\/wp\/v2\/pages"}],"about":[{"href":"https:\/\/pekinas.hu\/en\/wp-json\/wp\/v2\/types\/page"}],"author":[{"embeddable":true,"href":"https:\/\/pekinas.hu\/en\/wp-json\/wp\/v2\/users\/2"}],"replies":[{"embeddable":true,"href":"https:\/\/pekinas.hu\/en\/wp-json\/wp\/v2\/comments?post=1480"}],"version-history":[{"count":12,"href":"https:\/\/pekinas.hu\/en\/wp-json\/wp\/v2\/pages\/1480\/revisions"}],"predecessor-version":[{"id":2195,"href":"https:\/\/pekinas.hu\/en\/wp-json\/wp\/v2\/pages\/1480\/revisions\/2195"}],"wp:attachment":[{"href":"https:\/\/pekinas.hu\/en\/wp-json\/wp\/v2\/media?parent=1480"}],"curies":[{"name":"wp","href":"https:\/\/api.w.org\/{rel}","templated":true}]}}