{"id":2045,"date":"2022-01-19T09:30:08","date_gmt":"2022-01-19T09:30:08","guid":{"rendered":"https:\/\/pekinas.hu\/?page_id=2045"},"modified":"2022-06-23T07:09:38","modified_gmt":"2022-06-23T07:09:38","slug":"tarsadalmi_felelossegvallalas","status":"publish","type":"page","link":"https:\/\/pekinas.hu\/en\/tarsadalmi_felelossegvallalas\/","title":{"rendered":"Social Responsibility Program"},"content":{"rendered":"<p>[et_pb_section fb_built=&#8221;1&#8243; admin_label=&#8221;Header&#8221; module_id=&#8221;bemutatkozas&#8221; _builder_version=&#8221;4.16&#8243; custom_margin=&#8221;-5px|||||&#8221; custom_padding=&#8221;85px|0px|2px|0px|false|false&#8221; global_colors_info=&#8221;{}&#8221;][et_pb_row column_structure=&#8221;2_3,1_3&#8243; disabled_on=&#8221;off|off|off&#8221; _builder_version=&#8221;4.17.4&#8243; _module_preset=&#8221;default&#8221; positioning=&#8221;fixed&#8221; position_origin_f=&#8221;top_right&#8221; vertical_offset=&#8221;70px&#8221; z_index=&#8221;500&#8243; max_width=&#8221;990px&#8221; custom_margin=&#8221;53px|auto||auto||&#8221; custom_padding=&#8221;0px||7px|||&#8221; global_colors_info=&#8221;{}&#8221;][et_pb_column type=&#8221;2_3&#8243; _builder_version=&#8221;4.16&#8243; _module_preset=&#8221;default&#8221; global_colors_info=&#8221;{}&#8221;][\/et_pb_column][et_pb_column type=&#8221;1_3&#8243; _builder_version=&#8221;4.16&#8243; _module_preset=&#8221;default&#8221; global_colors_info=&#8221;{}&#8221;][et_pb_image src=&#8221;https:\/\/pekinas.hu\/wp-content\/uploads\/2019\/02\/eu2020-1.jpg&#8221; title_text=&#8221;eu2020-1&#8243; url=&#8221;https:\/\/pekinas.hu\/palyazat-2\/&#8221; url_new_window=&#8221;on&#8221; align=&#8221;right&#8221; show_bottom_space_tablet=&#8221;&#8221; show_bottom_space_phone=&#8221;&#8221; show_bottom_space_last_edited=&#8221;on|tablet&#8221; disabled_on=&#8221;off|off|off&#8221; _builder_version=&#8221;4.17.4&#8243; _module_preset=&#8221;default&#8221; width=&#8221;86%&#8221; max_width_tablet=&#8221;49%&#8221; max_width_phone=&#8221;50%&#8221; max_width_last_edited=&#8221;on|desktop&#8221; module_alignment=&#8221;right&#8221; custom_margin=&#8221;-27px|0px|0px||false|false&#8221; custom_padding=&#8221;0px|0px|0px||false|false&#8221; global_colors_info=&#8221;{}&#8221;][\/et_pb_image][\/et_pb_column][\/et_pb_row][et_pb_row column_structure=&#8221;2_3,1_3&#8243; _builder_version=&#8221;4.16&#8243; custom_padding=&#8221;0px|0px|1px|0px|false|false&#8221; global_colors_info=&#8221;{}&#8221;][et_pb_column type=&#8221;2_3&#8243; _builder_version=&#8221;4.16&#8243; custom_padding=&#8221;|||&#8221; global_colors_info=&#8221;{}&#8221; custom_padding__hover=&#8221;|||&#8221;][et_pb_text _builder_version=&#8221;4.17.4&#8243; text_font=&#8221;||||||||&#8221; text_line_height=&#8221;2em&#8221; header_font=&#8221;Patua One||||||||&#8221; header_font_size=&#8221;70px&#8221; header_line_height=&#8221;1.2em&#8221; header_2_font=&#8221;Patua One|600|||||||&#8221; header_2_font_size=&#8221;36px&#8221; header_2_line_height=&#8221;1.4em&#8221; header_3_font=&#8221;||||||||&#8221; header_4_font=&#8221;Patua One|||on|||||&#8221; header_4_text_align=&#8221;center&#8221; header_4_text_color=&#8221;#8ebe2b&#8221; header_4_font_size=&#8221;25px&#8221; header_4_letter_spacing=&#8221;1px&#8221; header_4_line_height=&#8221;1.4em&#8221; custom_margin=&#8221;||10px&#8221; custom_padding=&#8221;42px|||||&#8221; header_font_size_tablet=&#8221;40px&#8221; header_font_size_phone=&#8221;&#8221; header_font_size_last_edited=&#8221;on|tablet&#8221; header_2_font_size_tablet=&#8221;26px&#8221; header_2_font_size_phone=&#8221;20px&#8221; header_2_font_size_last_edited=&#8221;on|phone&#8221; locked=&#8221;off&#8221; global_colors_info=&#8221;{}&#8221;]<\/p>\n<h4><span>FREE-FROM VISION<\/span><\/h4>\n<p>[\/et_pb_text][et_pb_text _builder_version=&#8221;4.17.4&#8243; text_font=&#8221;||||||||&#8221; text_font_size=&#8221;16px&#8221; text_line_height=&#8221;2em&#8221; header_font=&#8221;Playfair Display||||||||&#8221; header_text_align=&#8221;center&#8221; header_font_size=&#8221;76px&#8221; header_line_height=&#8221;1.2em&#8221; header_2_font=&#8221;Patua One|600|||||||&#8221; header_2_font_size=&#8221;36px&#8221; header_2_line_height=&#8221;1.4em&#8221; header_3_font=&#8221;||||||||&#8221; header_4_font=&#8221;Patua One|||on|||||&#8221; header_4_text_color=&#8221;#a06d51&#8243; header_4_font_size=&#8221;14px&#8221; header_4_letter_spacing=&#8221;1px&#8221; header_4_line_height=&#8221;1.4em&#8221; text_orientation=&#8221;center&#8221; max_width=&#8221;700px&#8221; module_alignment=&#8221;center&#8221; header_font_size_tablet=&#8221;40px&#8221; header_font_size_phone=&#8221;&#8221; header_font_size_last_edited=&#8221;on|tablet&#8221; header_2_font_size_tablet=&#8221;26px&#8221; header_2_font_size_phone=&#8221;20px&#8221; header_2_font_size_last_edited=&#8221;on|phone&#8221; locked=&#8221;off&#8221; global_colors_info=&#8221;{}&#8221;]<\/p>\n<h1>Social Responsibility Program<\/h1>\n<p>&nbsp;<\/p>\n<p class=\"Norm_l_web_\">P\u00e9csi P\u00e9kinas Manufakt\u00fara LTD.<\/p>\n<p class=\"Norm_l_web_\">is equally committed to protecting our natural environment as well as to our society's values.<\/p>\n<p>[\/et_pb_text][\/et_pb_column][et_pb_column type=&#8221;1_3&#8243; _builder_version=&#8221;4.16&#8243; custom_padding=&#8221;|||&#8221; global_colors_info=&#8221;{}&#8221; custom_padding__hover=&#8221;|||&#8221;][et_pb_image src=&#8221;https:\/\/pekinas.hu\/wp-content\/uploads\/2020\/09\/bakery-36-1.png&#8221; title_text=&#8221;bakery-36-1&#8243; align=&#8221;right&#8221; disabled_on=&#8221;on|on|off&#8221; _builder_version=&#8221;4.17.4&#8243; background_image=&#8221;https:\/\/pekinas.hu\/wp-content\/uploads\/2022\/01\/IMG_20210825_193531-scaled.jpg&#8221; background_size=&#8221;contain&#8221; background_position=&#8221;center_right&#8221; background_horizontal_offset=&#8221;18%&#8221; background_blend=&#8221;overlay&#8221; max_width_tablet=&#8221;100px&#8221; max_width_phone=&#8221;&#8221; max_width_last_edited=&#8221;on|tablet&#8221; max_height=&#8221;450px&#8221; custom_margin=&#8221;0vw|-10vw|0vw||true|false&#8221; custom_margin_tablet=&#8221;|||&#8221; custom_margin_phone=&#8221;&#8221; custom_margin_last_edited=&#8221;on|tablet&#8221; custom_padding=&#8221;||0px|||&#8221; animation_style=&#8221;slide&#8221; animation_direction=&#8221;bottom&#8221; animation_intensity_slide=&#8221;10%&#8221; always_center_on_mobile=&#8221;off&#8221; locked=&#8221;off&#8221; global_colors_info=&#8221;{}&#8221;][\/et_pb_image][\/et_pb_column][\/et_pb_row][\/et_pb_section][et_pb_section fb_built=&#8221;1&#8243; _builder_version=&#8221;4.17.4&#8243; _module_preset=&#8221;default&#8221; custom_padding=&#8221;29px||25px|||&#8221; global_colors_info=&#8221;{}&#8221;][et_pb_row _builder_version=&#8221;4.17.4&#8243; _module_preset=&#8221;default&#8221; global_colors_info=&#8221;{}&#8221; column_structure=&#8221;1_2,1_2&#8243; custom_padding=&#8221;||7px|||&#8221;][et_pb_column type=&#8221;1_2&#8243; _builder_version=&#8221;4.17.4&#8243; _module_preset=&#8221;default&#8221; global_colors_info=&#8221;{}&#8221;][et_pb_text _builder_version=&#8221;4.17.4&#8243; text_font=&#8221;||||||||&#8221; text_line_height=&#8221;2em&#8221; header_font=&#8221;||||||||&#8221; header_2_font=&#8221;Playfair Display|600|||||||&#8221; header_2_font_size=&#8221;36px&#8221; header_2_line_height=&#8221;1.4em&#8221; header_3_font=&#8221;||||||||&#8221; header_4_font=&#8221;Patua One|||on|||||&#8221; header_4_text_color=&#8221;#8ebe2b&#8221; header_4_font_size=&#8221;14px&#8221; header_4_letter_spacing=&#8221;1px&#8221; header_4_line_height=&#8221;1.4em&#8221; header_2_font_size_tablet=&#8221;26px&#8221; header_2_font_size_phone=&#8221;20px&#8221; header_2_font_size_last_edited=&#8221;on|phone&#8221; locked=&#8221;off&#8221; global_colors_info=&#8221;{}&#8221;]<\/p>\n<h4>P\u00e9csi P\u00e9kinas Manufakt\u00fara<\/h4>\n<h2>Throughout our business<\/h2>\n<p>[\/et_pb_text][\/et_pb_column][et_pb_column type=&#8221;1_2&#8243; _builder_version=&#8221;4.17.4&#8243; _module_preset=&#8221;default&#8221; global_colors_info=&#8221;{}&#8221;][et_pb_image src=&#8221;https:\/\/pekinas.hu\/wp-content\/uploads\/2022\/06\/mentes_szemmel-rgb.png&#8221; title_text=&#8221;mentes_szemmel-rgb&#8221; _builder_version=&#8221;4.17.4&#8243; _module_preset=&#8221;default&#8221; background_color=&#8221;#FFFFFF&#8221; width=&#8221;80%&#8221; hover_enabled=&#8221;0&#8243; global_colors_info=&#8221;{}&#8221; alt=&#8221;mentes_szemmel-rgb&#8221; custom_margin=&#8221;-37px|||-13px|false|false&#8221; sticky_enabled=&#8221;0&#8243;][\/et_pb_image][\/et_pb_column][\/et_pb_row][et_pb_row _builder_version=&#8221;4.17.4&#8243; _module_preset=&#8221;default&#8221; global_colors_info=&#8221;{}&#8221;][et_pb_column type=&#8221;4_4&#8243; _builder_version=&#8221;4.17.4&#8243; _module_preset=&#8221;default&#8221; global_colors_info=&#8221;{}&#8221;][et_pb_text _builder_version=&#8221;4.17.4&#8243; text_font=&#8221;||||||||&#8221; text_line_height=&#8221;2em&#8221; header_font=&#8221;||||||||&#8221; header_2_font=&#8221;Patua One|600|||||||&#8221; header_2_line_height=&#8221;1.4em&#8221; header_3_font=&#8221;||||||||&#8221; header_4_font=&#8221;Patua One|||on|||||&#8221; header_4_text_color=&#8221;#a06d51&#8243; header_4_font_size=&#8221;14px&#8221; header_4_letter_spacing=&#8221;1px&#8221; header_4_line_height=&#8221;1.4em&#8221; locked=&#8221;off&#8221; global_colors_info=&#8221;{}&#8221;]<\/p>\n<p class=\"Norm_l_web_\" style=\"text-align: justify;\"><span>P\u00e9csi P\u00e9kinas Manufakt\u00fara Kft. is deeply dedicated to environmental stewardship and upholding the community values integral to our society. We are fervently committed to minimizing our ecological footprint by adopting sustainable practices. This includes utilizing compostable, 100% biodegradable bags and opting for biodegradable paper coffee cups over plastic alternatives. In line with the demands of the 21st century, we continuously integrate electric vehicles into our fleet and provide charging stations powered by renewable energy sources. Additionally, we actively participate in initiatives such as the Car Free P\u00e9cs event series, demonstrating our unwavering commitment to sustainability and fostering a greener, more eco-conscious future for all.\u00a0<\/span><\/p>\n<p class=\"Norm_l_web_\" style=\"text-align: justify;\">\n<p class=\"Norm_l_web_\" style=\"text-align: justify;\">P\u00e9kinas proudly lends support to the P\u00e9cs Zoo and Aquarium-Terrarium by donating fresh baked goods from our shops. In addition, we prioritize the well-being and development of younger generations, thus integrating learning and sports into the core of our social responsibility program. We extend our support to organizations such as the Mecsek Marathon Team Sports Association, community runs, the PTE PEAC football team, and the Forma Fitt Sportaerobik Association. By investing in these initiatives, we aim to nurture a healthier and more active community, empowering individuals to reach their full potential.<\/p>\n<p>[\/et_pb_text][\/et_pb_column][\/et_pb_row][\/et_pb_section][et_pb_section fb_built=&#8221;1&#8243; _builder_version=&#8221;4.16&#8243; _module_preset=&#8221;default&#8221; custom_padding=&#8221;4px||3px|||&#8221; global_colors_info=&#8221;{}&#8221;][et_pb_row _builder_version=&#8221;4.16&#8243; _module_preset=&#8221;default&#8221; global_colors_info=&#8221;{}&#8221;][et_pb_column type=&#8221;4_4&#8243; _builder_version=&#8221;4.16&#8243; _module_preset=&#8221;default&#8221; global_colors_info=&#8221;{}&#8221;][et_pb_image src=&#8221;https:\/\/pekinas.hu\/wp-content\/uploads\/2022\/01\/IMG_20210601_123706-scaled.jpg&#8221; alt=&#8221;T\u00e1rsadalmi felel\u0151ss\u00e9gv\u00e1llal\u00e1si program&#8221; title_text=&#8221;T\u00e1rsadalmi felel\u0151ss\u00e9gv\u00e1llal\u00e1si program&#8221; _builder_version=&#8221;4.16&#8243; _module_preset=&#8221;default&#8221; global_colors_info=&#8221;{}&#8221;][\/et_pb_image][\/et_pb_column][\/et_pb_row][\/et_pb_section][et_pb_section fb_built=&#8221;1&#8243; specialty=&#8221;on&#8221; _builder_version=&#8221;4.16&#8243; _module_preset=&#8221;default&#8221; custom_padding=&#8221;0px||5px|||&#8221; global_colors_info=&#8221;{}&#8221;][et_pb_column type=&#8221;1_2&#8243; _builder_version=&#8221;4.16&#8243; custom_padding=&#8221;|||&#8221; global_colors_info=&#8221;{}&#8221; custom_padding__hover=&#8221;|||&#8221;][et_pb_image src=&#8221;https:\/\/pekinas.hu\/wp-content\/uploads\/2022\/01\/IMG_20210825_193531-scaled.jpg&#8221; title_text=&#8221;T\u00e1rsadalmi felel\u0151ss\u00e9gv\u00e1llal\u00e1si program&#8221; _builder_version=&#8221;4.16&#8243; _module_preset=&#8221;default&#8221; global_colors_info=&#8221;{}&#8221;][\/et_pb_image][\/et_pb_column][et_pb_column type=&#8221;1_2&#8243; specialty_columns=&#8221;2&#8243; _builder_version=&#8221;4.16&#8243; custom_padding=&#8221;|||&#8221; global_colors_info=&#8221;{}&#8221; custom_padding__hover=&#8221;|||&#8221;][et_pb_row_inner _builder_version=&#8221;4.16&#8243; _module_preset=&#8221;default&#8221; global_colors_info=&#8221;{}&#8221;][et_pb_column_inner saved_specialty_column_type=&#8221;1_2&#8243; _builder_version=&#8221;4.16&#8243; _module_preset=&#8221;default&#8221; global_colors_info=&#8221;{}&#8221;][et_pb_image src=&#8221;https:\/\/pekinas.hu\/wp-content\/uploads\/2022\/01\/IMG_20210825_174740-scaled.jpg&#8221; alt=&#8221;T\u00e1rsadalmi felel\u0151ss\u00e9gv\u00e1llal\u00e1si program&#8221; title_text=&#8221;T\u00e1rsadalmi felel\u0151ss\u00e9gv\u00e1llal\u00e1si program&#8221; _builder_version=&#8221;4.16&#8243; _module_preset=&#8221;default&#8221; global_colors_info=&#8221;{}&#8221;][\/et_pb_image][\/et_pb_column_inner][\/et_pb_row_inner][\/et_pb_column][\/et_pb_section][et_pb_section fb_built=&#8221;1&#8243; specialty=&#8221;on&#8221; _builder_version=&#8221;4.16&#8243; _module_preset=&#8221;default&#8221; custom_padding=&#8221;0px||7px|||&#8221; global_colors_info=&#8221;{}&#8221;][et_pb_column type=&#8221;1_2&#8243; _builder_version=&#8221;4.16&#8243; custom_padding=&#8221;|||&#8221; global_colors_info=&#8221;{}&#8221; custom_padding__hover=&#8221;|||&#8221;][et_pb_image src=&#8221;https:\/\/pekinas.hu\/wp-content\/uploads\/2022\/01\/IMG_20220128_154723-scaled.jpg&#8221; alt=&#8221;p\u00e9csi p\u00e9kinas t\u00e1rsadalmi felel\u0151ss\u00e9gv\u00e1llal\u00e1s&#8221; title_text=&#8221;p\u00e9csi p\u00e9kinas t\u00e1rsadalmi felel\u0151ss\u00e9gv\u00e1llal\u00e1s&#8221; _builder_version=&#8221;4.16&#8243; _module_preset=&#8221;default&#8221; custom_padding=&#8221;0px||0px|||&#8221; global_colors_info=&#8221;{}&#8221;][\/et_pb_image][\/et_pb_column][et_pb_column type=&#8221;1_2&#8243; specialty_columns=&#8221;2&#8243; _builder_version=&#8221;4.16&#8243; custom_padding=&#8221;|||&#8221; global_colors_info=&#8221;{}&#8221; custom_padding__hover=&#8221;|||&#8221;][et_pb_row_inner _builder_version=&#8221;4.16&#8243; _module_preset=&#8221;default&#8221; global_colors_info=&#8221;{}&#8221;][et_pb_column_inner saved_specialty_column_type=&#8221;1_2&#8243; _builder_version=&#8221;4.16&#8243; _module_preset=&#8221;default&#8221; global_colors_info=&#8221;{}&#8221;][et_pb_image src=&#8221;https:\/\/pekinas.hu\/wp-content\/uploads\/2022\/01\/IMG_20220128_151818-scaled.jpg&#8221; alt=&#8221;p\u00e9csi p\u00e9kinas t\u00e1rsadalmi felel\u0151ss\u00e9gv\u00e1llal\u00e1s&#8221; title_text=&#8221;p\u00e9csi p\u00e9kinas t\u00e1rsadalmi felel\u0151ss\u00e9gv\u00e1llal\u00e1s&#8221; _builder_version=&#8221;4.16&#8243; _module_preset=&#8221;default&#8221; custom_margin=&#8221;24px|||||&#8221; global_colors_info=&#8221;{}&#8221;][\/et_pb_image][\/et_pb_column_inner][\/et_pb_row_inner][\/et_pb_column][\/et_pb_section][et_pb_section fb_built=&#8221;1&#8243; specialty=&#8221;on&#8221; _builder_version=&#8221;4.16&#8243; _module_preset=&#8221;default&#8221; custom_padding=&#8221;0px|||||&#8221; global_colors_info=&#8221;{}&#8221;][et_pb_column type=&#8221;1_2&#8243; _builder_version=&#8221;4.16&#8243; custom_padding=&#8221;|||&#8221; global_colors_info=&#8221;{}&#8221; custom_padding__hover=&#8221;|||&#8221;][et_pb_image src=&#8221;https:\/\/pekinas.hu\/wp-content\/uploads\/2022\/01\/PSX_20220128_153346-scaled.jpg&#8221; alt=&#8221;p\u00e9csi p\u00e9kinas t\u00e1rsadalmi felel\u0151ss\u00e9gv\u00e1llal\u00e1s&#8221; title_text=&#8221;p\u00e9csi p\u00e9kinas t\u00e1rsadalmi felel\u0151ss\u00e9gv\u00e1llal\u00e1s&#8221; _builder_version=&#8221;4.16&#8243; _module_preset=&#8221;default&#8221; custom_padding=&#8221;0px||0px|||&#8221; global_colors_info=&#8221;{}&#8221;][\/et_pb_image][\/et_pb_column][et_pb_column type=&#8221;1_2&#8243; specialty_columns=&#8221;2&#8243; _builder_version=&#8221;4.16&#8243; custom_padding=&#8221;|||&#8221; global_colors_info=&#8221;{}&#8221; custom_padding__hover=&#8221;|||&#8221;][et_pb_row_inner _builder_version=&#8221;4.16&#8243; _module_preset=&#8221;default&#8221; global_colors_info=&#8221;{}&#8221;][et_pb_column_inner saved_specialty_column_type=&#8221;1_2&#8243; _builder_version=&#8221;4.16&#8243; _module_preset=&#8221;default&#8221; global_colors_info=&#8221;{}&#8221;][et_pb_image src=&#8221;https:\/\/pekinas.hu\/wp-content\/uploads\/2022\/01\/PSX_20220128_153319-scaled.jpg&#8221; alt=&#8221;p\u00e9csi p\u00e9kinas t\u00e1rsadalmi felel\u0151ss\u00e9gv\u00e1llal\u00e1s&#8221; title_text=&#8221;p\u00e9csi p\u00e9kinas t\u00e1rsadalmi felel\u0151ss\u00e9gv\u00e1llal\u00e1s&#8221; _builder_version=&#8221;4.16&#8243; _module_preset=&#8221;default&#8221; global_colors_info=&#8221;{}&#8221;][\/et_pb_image][\/et_pb_column_inner][\/et_pb_row_inner][\/et_pb_column][\/et_pb_section][et_pb_section fb_built=&#8221;1&#8243; admin_label=&#8221;Footer&#8221; _builder_version=&#8221;4.17.4&#8243; use_background_color_gradient=&#8221;on&#8221; background_color_gradient_stops=&#8221;#160d08 0%|rgba(0,0,0,0.66) 100%&#8221; background_color_gradient_overlays_image=&#8221;on&#8221; background_color_gradient_start=&#8221;#160d08&#8243; background_color_gradient_end=&#8221;rgba(0,0,0,0.66)&#8221; background_image=&#8221;https:\/\/pekinas.hu\/wp-content\/uploads\/2021\/03\/pekinas-glutenmentes-pekaruk-2.png&#8221; custom_padding=&#8221;0|0px|38px|0px|false|false&#8221; locked=&#8221;off&#8221; global_colors_info=&#8221;{}&#8221;][et_pb_row _builder_version=&#8221;4.16&#8243; width=&#8221;100%&#8221; max_width=&#8221;100%&#8221; custom_padding=&#8221;0|0px|0|0px|false|false&#8221; use_custom_width=&#8221;on&#8221; width_unit=&#8221;off&#8221; custom_width_percent=&#8221;100%&#8221; global_colors_info=&#8221;{}&#8221;][et_pb_column type=&#8221;4_4&#8243; _builder_version=&#8221;4.16&#8243; custom_padding=&#8221;|||&#8221; global_colors_info=&#8221;{}&#8221; custom_padding__hover=&#8221;|||&#8221;][\/et_pb_column][\/et_pb_row][et_pb_row column_structure=&#8221;1_3,1_3,1_3&#8243; _builder_version=&#8221;4.16&#8243; custom_margin=&#8221;87px|auto|87px|auto|true|&#8221; custom_padding=&#8221;21px|||||&#8221; global_colors_info=&#8221;{}&#8221;][et_pb_column type=&#8221;1_3&#8243; _builder_version=&#8221;4.16&#8243; custom_padding=&#8221;|||&#8221; global_colors_info=&#8221;{}&#8221; custom_padding__hover=&#8221;|||&#8221;][et_pb_text _builder_version=&#8221;4.17.4&#8243; text_font=&#8221;PT Sans|700|||||||&#8221; text_font_size=&#8221;22px&#8221; text_line_height=&#8221;2em&#8221; link_font=&#8221;||||||||&#8221; link_text_color=&#8221;#a06d51&#8243; header_font=&#8221;||||||||&#8221; header_3_font=&#8221;PT Sans|700|||||||&#8221; header_3_text_color=&#8221;#8ebe2b&#8221; header_3_line_height=&#8221;2em&#8221; background_layout=&#8221;dark&#8221; locked=&#8221;off&#8221; global_colors_info=&#8221;{}&#8221;]<\/p>\n<h3>Product Showroom Store Address<\/h3>\n<p><span>7625-P\u00e9cs, 1. Tettye square<\/span><\/p>\n<p>[\/et_pb_text][\/et_pb_column][et_pb_column type=&#8221;1_3&#8243; _builder_version=&#8221;4.16&#8243; custom_padding=&#8221;|||&#8221; global_colors_info=&#8221;{}&#8221; custom_padding__hover=&#8221;|||&#8221;][et_pb_text _builder_version=&#8221;4.17.4&#8243; text_font=&#8221;PT Sans|700|||||||&#8221; text_text_color=&#8221;#FFFFFF&#8221; text_font_size=&#8221;22px&#8221; text_line_height=&#8221;2em&#8221; link_font=&#8221;||||||||&#8221; link_text_color=&#8221;#8ebe2b&#8221; header_font=&#8221;||||||||&#8221; header_3_font=&#8221;PT Sans|700|||||||&#8221; header_3_text_color=&#8221;#8ebe2b&#8221; header_3_line_height=&#8221;2em&#8221; background_layout=&#8221;dark&#8221; locked=&#8221;off&#8221; global_colors_info=&#8221;{}&#8221;]<\/p>\n<h3>Phone<\/h3>\n<p><span style=\"color: #ffffff;\"><strong><a href=\"tel:\/\/36-70-677-9346\" style=\"color: #ffffff;\">+36 70 677 9346<\/a><\/strong><\/span><\/p>\n<p>[\/et_pb_text][\/et_pb_column][et_pb_column type=&#8221;1_3&#8243; _builder_version=&#8221;4.16&#8243; custom_padding=&#8221;|||&#8221; global_colors_info=&#8221;{}&#8221; custom_padding__hover=&#8221;|||&#8221;][et_pb_text _builder_version=&#8221;4.17.4&#8243; text_font=&#8221;PT Sans|700|||||||&#8221; text_line_height=&#8221;2em&#8221; link_font=&#8221;||||||||&#8221; link_text_color=&#8221;#a06d51&#8243; header_font=&#8221;||||||||&#8221; header_3_font=&#8221;PT Sans|700|||||||&#8221; header_3_text_color=&#8221;#8ebe2b&#8221; header_3_line_height=&#8221;2em&#8221; background_layout=&#8221;dark&#8221; custom_margin=&#8221;||4px&#8221; locked=&#8221;off&#8221; global_colors_info=&#8221;{}&#8221;]<\/p>\n<h3>Follow us<\/h3>\n<p>[\/et_pb_text][et_pb_social_media_follow use_icon_font_size=&#8221;on&#8221; icon_font_size=&#8221;30px&#8221; _builder_version=&#8221;4.16&#8243; text_orientation=&#8221;left&#8221; custom_margin=&#8221;|-10px|0px|-10px|false|true&#8221; custom_padding=&#8221;|0px||0px|false|true&#8221; global_colors_info=&#8221;{}&#8221;][et_pb_social_media_follow_network social_network=&#8221;facebook&#8221; url=&#8221;https:\/\/www.facebook.com\/pecsipekinas&#8221; _builder_version=&#8221;4.16&#8243; background_color=&#8221;rgba(59,89,152,0)&#8221; global_colors_info=&#8221;{}&#8221; box_shadow_style__hover=&#8221;none&#8221; box_shadow_style__hover_enabled=&#8221;none&#8221; box_shadow_color__hover=&#8221;rgba(0,0,0,0.3)&#8221; box_shadow_color__hover_enabled=&#8221;rgba(0,0,0,0.3)&#8221; filter_hue_rotate__hover=&#8221;0deg&#8221; filter_hue_rotate__hover_enabled=&#8221;0deg&#8221; filter_saturate__hover=&#8221;100%&#8221; filter_saturate__hover_enabled=&#8221;100%&#8221; filter_brightness__hover=&#8221;100%&#8221; filter_brightness__hover_enabled=&#8221;100%&#8221; filter_contrast__hover=&#8221;100%&#8221; filter_contrast__hover_enabled=&#8221;100%&#8221; filter_invert__hover=&#8221;0%&#8221; filter_invert__hover_enabled=&#8221;0%&#8221; filter_sepia__hover=&#8221;0%&#8221; filter_sepia__hover_enabled=&#8221;0%&#8221; filter_opacity__hover=&#8221;100%&#8221; filter_opacity__hover_enabled=&#8221;100%&#8221; filter_blur__hover=&#8221;0px&#8221; filter_blur__hover_enabled=&#8221;0px&#8221; mix_blend_mode__hover=&#8221;normal&#8221; mix_blend_mode__hover_enabled=&#8221;normal&#8221; follow_button=&#8221;off&#8221; url_new_window=&#8221;on&#8221;]facebook[\/et_pb_social_media_follow_network][et_pb_social_media_follow_network social_network=&#8221;instagram&#8221; _builder_version=&#8221;4.16&#8243; background_color=&#8221;rgba(234,44,89,0)&#8221; global_colors_info=&#8221;{}&#8221; box_shadow_style__hover=&#8221;none&#8221; box_shadow_style__hover_enabled=&#8221;none&#8221; box_shadow_color__hover=&#8221;rgba(0,0,0,0.3)&#8221; box_shadow_color__hover_enabled=&#8221;rgba(0,0,0,0.3)&#8221; filter_hue_rotate__hover=&#8221;0deg&#8221; filter_hue_rotate__hover_enabled=&#8221;0deg&#8221; filter_saturate__hover=&#8221;100%&#8221; filter_saturate__hover_enabled=&#8221;100%&#8221; filter_brightness__hover=&#8221;100%&#8221; filter_brightness__hover_enabled=&#8221;100%&#8221; filter_contrast__hover=&#8221;100%&#8221; filter_contrast__hover_enabled=&#8221;100%&#8221; filter_invert__hover=&#8221;0%&#8221; filter_invert__hover_enabled=&#8221;0%&#8221; filter_sepia__hover=&#8221;0%&#8221; filter_sepia__hover_enabled=&#8221;0%&#8221; filter_opacity__hover=&#8221;100%&#8221; filter_opacity__hover_enabled=&#8221;100%&#8221; filter_blur__hover=&#8221;0px&#8221; filter_blur__hover_enabled=&#8221;0px&#8221; mix_blend_mode__hover=&#8221;normal&#8221; mix_blend_mode__hover_enabled=&#8221;normal&#8221; follow_button=&#8221;off&#8221; url_new_window=&#8221;on&#8221;]instagram[\/et_pb_social_media_follow_network][\/et_pb_social_media_follow][\/et_pb_column][\/et_pb_row][\/et_pb_section]<\/p>","protected":false},"excerpt":{"rendered":"<p>Mentes szemmelT\u00e1rsadalmi felel\u0151ss\u00e9gv\u00e1llal\u00e1s program &nbsp; A P\u00e9csi P\u00e9kinas Manufakt\u00fara Kft. egyar\u00e1nt elk\u00f6telezett term\u00e9szeti k\u00f6rnyezet\u00fcnk \u00e9s t\u00e1rsadalmunk k\u00f6z\u00f6ss\u00e9gi \u00e9rt\u00e9kei ir\u00e1nt.p\u00e9csi p\u00e9kinas manufakt\u00fara C\u00e9g\u00fcnk m\u0171k\u00f6d\u00e9se sor\u00e1nA P\u00e9csi P\u00e9kinas Manufakt\u00fara Kft. egyar\u00e1nt elk\u00f6telezett term\u00e9szeti k\u00f6rnyezet\u00fcnk \u00e9s t\u00e1rsadalmunk k\u00f6z\u00f6ss\u00e9gi \u00e9rt\u00e9kei ir\u00e1nt. T\u00f6rekszik r\u00e1, hogy cs\u00f6kkentse \u00f6kol\u00f3giai l\u00e1bnyom\u00e1t, komposzt\u00e1lhat\u00f3, 100 %-ban leboml\u00f3 szatyrok, m\u0171anyag helyett leboml\u00f3 pap\u00edr k\u00e1v\u00e9spoharak haszn\u00e1lata mellett [&hellip;]<\/p>","protected":false},"author":2,"featured_media":0,"parent":0,"menu_order":0,"comment_status":"closed","ping_status":"closed","template":"","meta":{"_et_pb_use_builder":"on","_et_pb_old_content":"","_et_gb_content_width":"","ngg_post_thumbnail":0},"acf":[],"_links":{"self":[{"href":"https:\/\/pekinas.hu\/en\/wp-json\/wp\/v2\/pages\/2045"}],"collection":[{"href":"https:\/\/pekinas.hu\/en\/wp-json\/wp\/v2\/pages"}],"about":[{"href":"https:\/\/pekinas.hu\/en\/wp-json\/wp\/v2\/types\/page"}],"author":[{"embeddable":true,"href":"https:\/\/pekinas.hu\/en\/wp-json\/wp\/v2\/users\/2"}],"replies":[{"embeddable":true,"href":"https:\/\/pekinas.hu\/en\/wp-json\/wp\/v2\/comments?post=2045"}],"version-history":[{"count":15,"href":"https:\/\/pekinas.hu\/en\/wp-json\/wp\/v2\/pages\/2045\/revisions"}],"predecessor-version":[{"id":2220,"href":"https:\/\/pekinas.hu\/en\/wp-json\/wp\/v2\/pages\/2045\/revisions\/2220"}],"wp:attachment":[{"href":"https:\/\/pekinas.hu\/en\/wp-json\/wp\/v2\/media?parent=2045"}],"curies":[{"name":"wp","href":"https:\/\/api.w.org\/{rel}","templated":true}]}}