{"id":2381,"date":"2025-05-19T06:23:54","date_gmt":"2025-05-19T06:23:54","guid":{"rendered":"https:\/\/pekinas.hu\/?page_id=2381"},"modified":"2025-05-20T11:12:11","modified_gmt":"2025-05-20T11:12:11","slug":"energetikai-szakreferens-eves-jelentes","status":"publish","type":"page","link":"https:\/\/pekinas.hu\/en\/energetikai-szakreferens-eves-jelentes\/","title":{"rendered":"Energy Efficiency Report"},"content":{"rendered":"<p>[et_pb_section fb_built=&#8221;1&#8243; admin_label=&#8221;Header&#8221; _builder_version=&#8221;4.22.0&#8243; _module_preset=&#8221;default&#8221; overflow-x=&#8221;hidden&#8221; overflow-y=&#8221;hidden&#8221; collapsed=&#8221;on&#8221; global_colors_info=&#8221;{}&#8221; theme_builder_area=&#8221;post_content&#8221;][et_pb_row _builder_version=&#8221;4.24.0&#8243; _module_preset=&#8221;default&#8221; max_width=&#8221;1800px&#8221; global_colors_info=&#8221;{}&#8221; theme_builder_area=&#8221;post_content&#8221;][et_pb_column type=&#8221;4_4&#8243; _builder_version=&#8221;4.22.0&#8243; _module_preset=&#8221;default&#8221; global_colors_info=&#8221;{}&#8221; theme_builder_area=&#8221;post_content&#8221;][et_pb_text _builder_version=&#8221;4.27.4&#8243; _module_preset=&#8221;1db4f461-1a54-4e6a-be79-2aeed66769fc&#8221; hover_enabled=&#8221;0&#8243; global_colors_info=&#8221;{}&#8221; theme_builder_area=&#8221;post_content&#8221; sticky_enabled=&#8221;0&#8243;]<\/p>\n<h1 style=\"text-align: center;\">Renewable energy source<\/h1>\n<p>[\/et_pb_text][\/et_pb_column][\/et_pb_row][\/et_pb_section][et_pb_section fb_built=&#8221;1&#8243; admin_label=&#8221;Feature&#8221; _builder_version=&#8221;4.24.0&#8243; _module_preset=&#8221;default&#8221; background_color=&#8221;gcid-a93f2103-1d8b-43bb-b21d-81d84bba8b15&#8243; use_background_color_gradient=&#8221;on&#8221; background_color_gradient_stops=&#8221;#f2f0eb 0%|#ffffff 100%&#8221; custom_padding=&#8221;0px|||||&#8221; locked=&#8221;off&#8221; global_colors_info=&#8221;{%22gcid-a93f2103-1d8b-43bb-b21d-81d84bba8b15%22:%91%22background_color%22%93}&#8221; theme_builder_area=&#8221;post_content&#8221;][et_pb_row column_structure=&#8221;1_2,1_2&#8243; _builder_version=&#8221;4.24.0&#8243; _module_preset=&#8221;default&#8221; custom_margin=&#8221;||6vw||false|false&#8221; custom_padding=&#8221;0px|||||&#8221; global_colors_info=&#8221;{}&#8221; theme_builder_area=&#8221;post_content&#8221;][et_pb_column type=&#8221;1_2&#8243; _builder_version=&#8221;4.24.0&#8243; _module_preset=&#8221;default&#8221; global_colors_info=&#8221;{}&#8221; theme_builder_area=&#8221;post_content&#8221;][et_pb_image src=&#8221;https:\/\/pekinas.hu\/wp-content\/uploads\/2025\/05\/businessman-white-helmet-near-solar-battery-1-scaled.jpg&#8221; title_text=&#8221;businessman-white-helmet-near-solar-battery&#8221; _builder_version=&#8221;4.27.4&#8243; _module_preset=&#8221;default&#8221; custom_margin=&#8221;|||-20vw|false|false&#8221; hover_enabled=&#8221;0&#8243; border_radii=&#8221;on|30px|30px|30px|30px&#8221; global_colors_info=&#8221;{}&#8221; theme_builder_area=&#8221;post_content&#8221; sticky_enabled=&#8221;0&#8243;][\/et_pb_image][\/et_pb_column][et_pb_column type=&#8221;1_2&#8243; _builder_version=&#8221;4.24.0&#8243; _module_preset=&#8221;default&#8221; custom_padding=&#8221;7vw||||false|false&#8221; global_colors_info=&#8221;{}&#8221; theme_builder_area=&#8221;post_content&#8221;][et_pb_text _builder_version=&#8221;4.27.4&#8243; _module_preset=&#8221;b1ba0310-9427-49c4-9ced-e86b63174271&#8243; hover_enabled=&#8221;0&#8243; locked=&#8221;off&#8221; global_colors_info=&#8221;{}&#8221; theme_builder_area=&#8221;post_content&#8221; sticky_enabled=&#8221;0&#8243;]<\/p>\n<h2><span data-metadata=\"&lt;!--(figmeta)eyJmaWxlS2V5IjoiWjMyYzg5cm5wcDBuWFp0TkgxMmh5aSIsInBhc3RlSUQiOjY2OTc4OTk2LCJkYXRhVHlwZSI6InNjZW5lIn0K(\/figmeta)--&gt;\"><\/span>Energy-conscious operations, a clear vision for the future<\/h2>\n<p>[\/et_pb_text][et_pb_text _builder_version=&#8221;4.27.4&#8243; _module_preset=&#8221;09bed608-128c-4f0f-8779-6f6359b52cf0&#8243; max_width=&#8221;500px&#8221; hover_enabled=&#8221;0&#8243; locked=&#8221;off&#8221; global_colors_info=&#8221;{}&#8221; theme_builder_area=&#8221;post_content&#8221; sticky_enabled=&#8221;0&#8243;]<\/p>\n<p class=\" translation-block\">The 2024 Energy Efficiency Report is yet another confirmation of our commitment to conscious operations and sustainable growth.\nOur own solar panel system is more than just a source of power \u2014 it's a symbol of the mindset we represent with our Pure Perspective slogan: taking responsibility for our environment, for the future, and for every decision we make \u2014 from product development to energy usage.<\/p>\n<p>[\/et_pb_text][et_pb_button button_text=&#8221;2024 &#8211; Energetikai szakreferensi jelent\u00e9s&#8221; _builder_version=&#8221;4.27.4&#8243; _module_preset=&#8221;a57e62cb-61fb-4d63-8e2d-fa465ba70c1e&#8221; hover_enabled=&#8221;0&#8243; locked=&#8221;off&#8221; global_colors_info=&#8221;{%22gcid-f1e65d51-fa2f-4bf0-b2c1-8eab7001e8fd%22:%91%22button_border_color%22%93}&#8221; theme_builder_area=&#8221;post_content&#8221; button_url=&#8221;https:\/\/drive.google.com\/file\/d\/1btJJlfkFWvcR2c-x0a2Jv24b3sEZE0Km\/view?usp=sharing&#8221; sticky_enabled=&#8221;0&#8243; button_text_color=&#8221;#7CDA24&#8243;][\/et_pb_button][\/et_pb_column][\/et_pb_row][\/et_pb_section][et_pb_section fb_built=&#8221;1&#8243; admin_label=&#8221;Footer Copyright&#8221; _builder_version=&#8221;4.24.0&#8243; _module_preset=&#8221;default&#8221; background_color=&#8221;gcid-a93f2103-1d8b-43bb-b21d-81d84bba8b15&#8243; custom_padding=&#8221;0px||0px||true|false&#8221; saved_tabs=&#8221;all&#8221; collapsed=&#8221;on&#8221; global_colors_info=&#8221;{%22gcid-a93f2103-1d8b-43bb-b21d-81d84bba8b15%22:%91%22background_color%22%93}&#8221; theme_builder_area=&#8221;post_content&#8221;][et_pb_row _builder_version=&#8221;4.22.0&#8243; _module_preset=&#8221;default&#8221; global_colors_info=&#8221;{}&#8221; theme_builder_area=&#8221;post_content&#8221;][et_pb_column type=&#8221;4_4&#8243; _builder_version=&#8221;4.22.0&#8243; _module_preset=&#8221;default&#8221; global_colors_info=&#8221;{}&#8221; theme_builder_area=&#8221;post_content&#8221;][et_pb_text _builder_version=&#8221;4.22.0&#8243; _dynamic_attributes=&#8221;content&#8221; _module_preset=&#8221;7f2f17eb-427e-4c35-aea8-44a68f8ac9bf&#8221; text_orientation=&#8221;center&#8221; global_colors_info=&#8221;{}&#8221; theme_builder_area=&#8221;post_content&#8221;]@ET-DC@eyJkeW5hbWljIjp0cnVlLCJjb250ZW50IjoiY3VycmVudF9kYXRlIiwic2V0dGluZ3MiOnsiYmVmb3JlIjoiQ29weXJpZ2h0ICZjb3B5OyAiLCJhZnRlciI6IiBEaXZpLiBBbGwgUmlnaHRzIFJlc2VydmVkLiIsImRhdGVfZm9ybWF0IjoiY3VzdG9tIiwiY3VzdG9tX2RhdGVfZm9ybWF0IjoiWSJ9fQ==@[\/et_pb_text][\/et_pb_column][\/et_pb_row][\/et_pb_section]<\/p>","protected":false},"excerpt":{"rendered":"<p>Meg\u00fajul\u00f3 energiaforr\u00e1sEnergiatudatos m\u0171k\u00f6d\u00e9s, tiszta j\u00f6v\u0151k\u00e9pA 2024-es energetikai szakreferensi jelent\u00e9s \u00fajabb visszaigazol\u00e1sa annak, hogy elk\u00f6telezettek vagyunk a tudatos m\u0171k\u00f6d\u00e9s \u00e9s a fenntarthat\u00f3 fejl\u0151d\u00e9s mellett. Saj\u00e1t napelemes rendszer\u00fcnk nem csup\u00e1n energiaforr\u00e1s, hanem szimbolikus alapja is annak a gondolkod\u00e1sm\u00f3dnak, amit Mentes szemmel k\u00e9pvisel\u00fcnk: felel\u0151ss\u00e9gv\u00e1llal\u00e1s a k\u00f6rnyezet\u00fcnk\u00e9rt, a j\u00f6v\u0151\u00e9rt, \u00e9s minden egyes d\u00f6nt\u00e9s\u00fcnk\u00e9rt \u2013 a term\u00e9kfejleszt\u00e9st\u0151l az energiafelhaszn\u00e1l\u00e1sig.<\/p>","protected":false},"author":2,"featured_media":0,"parent":0,"menu_order":0,"comment_status":"closed","ping_status":"closed","template":"","meta":{"_et_pb_use_builder":"on","_et_pb_old_content":"","_et_gb_content_width":"","ngg_post_thumbnail":0},"acf":[],"_links":{"self":[{"href":"https:\/\/pekinas.hu\/en\/wp-json\/wp\/v2\/pages\/2381"}],"collection":[{"href":"https:\/\/pekinas.hu\/en\/wp-json\/wp\/v2\/pages"}],"about":[{"href":"https:\/\/pekinas.hu\/en\/wp-json\/wp\/v2\/types\/page"}],"author":[{"embeddable":true,"href":"https:\/\/pekinas.hu\/en\/wp-json\/wp\/v2\/users\/2"}],"replies":[{"embeddable":true,"href":"https:\/\/pekinas.hu\/en\/wp-json\/wp\/v2\/comments?post=2381"}],"version-history":[{"count":3,"href":"https:\/\/pekinas.hu\/en\/wp-json\/wp\/v2\/pages\/2381\/revisions"}],"predecessor-version":[{"id":2397,"href":"https:\/\/pekinas.hu\/en\/wp-json\/wp\/v2\/pages\/2381\/revisions\/2397"}],"wp:attachment":[{"href":"https:\/\/pekinas.hu\/en\/wp-json\/wp\/v2\/media?parent=2381"}],"curies":[{"name":"wp","href":"https:\/\/api.w.org\/{rel}","templated":true}]}}