{"id":688,"date":"2018-08-01T09:17:47","date_gmt":"2018-08-01T09:17:47","guid":{"rendered":"http:\/\/www.pekinas.hu\/?page_id=688"},"modified":"2019-11-13T20:05:24","modified_gmt":"2019-11-13T20:05:24","slug":"palyazat","status":"publish","type":"page","link":"https:\/\/pekinas.hu\/en\/palyazat\/","title":{"rendered":"P\u00e1ly\u00e1zat"},"content":{"rendered":"<p>[av_heading tag=&#8217;h2&#8242; padding=&#8217;10&#8217; heading=&#8217;P\u00e1ly\u00e1zat&#8217; color=&#8221; style=&#8217;blockquote modern-quote modern-centered&#8217; custom_font=&#8221; size=&#8221; subheading_active=&#8221; subheading_size=&#8217;15&#8217; custom_class=&#8221; admin_preview_bg=&#8221; av-desktop-hide=&#8221; av-medium-hide=&#8221; av-small-hide=&#8221; av-mini-hide=&#8221; av-medium-font-size-title=&#8221; av-small-font-size-title=&#8221; av-mini-font-size-title=&#8221; av-medium-font-size=&#8221; av-small-font-size=&#8221; av-mini-font-size=&#8221; margin=&#8221;][\/av_heading]<\/p>\n<p>[av_textblock size=&#8221; font_color=&#8221; color=&#8221; av-medium-font-size=&#8221; av-small-font-size=&#8221; av-mini-font-size=&#8221; av_uid=&#8217;av-jkax478x&#8217; admin_preview_bg=&#8221;]<br \/>\nKedvezm\u00e9nyezett neve: <strong>P\u00e9csi P\u00e9kinas Manufakt\u00fara Korl\u00e1tolt Felel\u0151ss\u00e9g\u0171 T\u00e1rsas\u00e1g<\/strong><br \/>\n&#8211; a projekt c\u00edme: <strong>Kiemelked\u0151 pozit\u00edv \u00e9lettani hat\u00e1s\u00fa s\u00fct\u0151ipari term\u00e9kek kifejleszt\u00e9se, fagyasztott \u00e9s napi friss gy\u00e1rt\u00e1stechnol\u00f3gia mellett.<\/strong><br \/>\n&#8211; a szerz\u0151d\u00f6tt t\u00e1mogat\u00e1s \u00f6sszege: <strong>75.755.580 Ft<\/strong><br \/>\n&#8211; a t\u00e1mogat\u00e1s m\u00e9rt\u00e9ke (%-ban): 65.99 %<br \/>\n&#8211; a projekt tartalm\u00e1nak bemutat\u00e1sa: A fejleszt\u00e9s c\u00e9lja egy eg\u00e9szs\u00e9ges s\u00fct\u0151ipari term\u00e9kk\u00f6r, illetve az ennek alapj\u00e1t ad\u00f3 \\&#8221;alapt\u00e9szta\\&#8221; kifejleszt\u00e9se gyorsfagyasztott \u00e9s napi friss term\u00e9k kateg\u00f3ri\u00e1kban mely t\u00e1pl\u00e1l\u00f3, eg\u00e9szs\u00e9ges, de m\u00e9gis \u00edzvil\u00e1g\u00e1ban \u00f6sszeegyeztethet\u0151 a hagyom\u00e1nyos, nem eg\u00e9szs\u00e9gtudatos&nbsp; v\u00e1s\u00e1rl\u00f3i \u00edzl\u00e9svil\u00e1ggal, anyagi lehet\u0151s\u00e9geivel \u00e9s p\u00e9nzt\u00e1rc\u00e1j\u00e1val.<br \/>\n&#8211; a projekt tervezett befejez\u00e9si d\u00e1tuma: 2019.02.28.<br \/>\n&#8211; projekt azonos\u00edt\u00f3 sz\u00e1ma: GINOP-2.1.7-15-2016-01656<br \/>\n[\/av_textblock]<\/p>\n<p><!-- default-view.php -->\n<div\n\tclass=\"ngg-galleryoverview default-view\"\n\tid=\"ngg-gallery-a5a832b6308e654ab00c4720fc05bb2d-1\">\n\n\t\t<!-- Thumbnails -->\n\t\t\t\t<div id=\"ngg-image-0\" class=\"ngg-gallery-thumbnail-box ngg-3-columns\" >\n\t\t\t\t        <div class=\"ngg-gallery-thumbnail\">\n            <a href=\"https:\/\/pekinas.hu\/wp-content\/gallery\/palyazat\/Eta\u0301zs.JPG\"\n               title=\"\"\n               data-src=\"https:\/\/pekinas.hu\/wp-content\/gallery\/palyazat\/Eta%CC%81zs.JPG\"\n               data-thumbnail=\"https:\/\/pekinas.hu\/wp-content\/gallery\/palyazat\/thumbs\/thumbs_Eta%CC%81zs.JPG\"\n               data-image-id=\"1\"\n               data-title=\"Eta\u0301zs\"\n               data-description=\"\"\n               data-image-slug=\"eta%cc%81zs\"\n               class=\"ngg-simplelightbox\" rel=\"a5a832b6308e654ab00c4720fc05bb2d\">\n                <img\n                    title=\"Eta\u0301zs\"\n                    alt=\"Eta\u0301zs\"\n                    src=\"https:\/\/pekinas.hu\/wp-content\/gallery\/palyazat\/thumbs\/thumbs_Eta%CC%81zs.JPG\"\n                    width=\"240\"\n                    height=\"160\"\n                    style=\"max-width:100%;\"\n                \/>\n            <\/a>\n        <\/div>\n\t\t\t\t\t\t\t<\/div> \n\t\t\t\n\t\t\t\t<div id=\"ngg-image-1\" class=\"ngg-gallery-thumbnail-box ngg-3-columns\" >\n\t\t\t\t        <div class=\"ngg-gallery-thumbnail\">\n            <a href=\"https:\/\/pekinas.hu\/wp-content\/gallery\/palyazat\/IMG_0209.JPG\"\n               title=\"\"\n               data-src=\"https:\/\/pekinas.hu\/wp-content\/gallery\/palyazat\/IMG_0209.JPG\"\n               data-thumbnail=\"https:\/\/pekinas.hu\/wp-content\/gallery\/palyazat\/thumbs\/thumbs_IMG_0209.JPG\"\n               data-image-id=\"2\"\n               data-title=\"IMG_0209\"\n               data-description=\"\"\n               data-image-slug=\"img_0209\"\n               class=\"ngg-simplelightbox\" rel=\"a5a832b6308e654ab00c4720fc05bb2d\">\n                <img\n                    title=\"IMG_0209\"\n                    alt=\"IMG_0209\"\n                    src=\"https:\/\/pekinas.hu\/wp-content\/gallery\/palyazat\/thumbs\/thumbs_IMG_0209.JPG\"\n                    width=\"240\"\n                    height=\"160\"\n                    style=\"max-width:100%;\"\n                \/>\n            <\/a>\n        <\/div>\n\t\t\t\t\t\t\t<\/div> \n\t\t\t\n\t\t\t\t<div id=\"ngg-image-2\" class=\"ngg-gallery-thumbnail-box ngg-3-columns\" >\n\t\t\t\t        <div class=\"ngg-gallery-thumbnail\">\n            <a href=\"https:\/\/pekinas.hu\/wp-content\/gallery\/palyazat\/IMG_0210.JPG\"\n               title=\"\"\n               data-src=\"https:\/\/pekinas.hu\/wp-content\/gallery\/palyazat\/IMG_0210.JPG\"\n               data-thumbnail=\"https:\/\/pekinas.hu\/wp-content\/gallery\/palyazat\/thumbs\/thumbs_IMG_0210.JPG\"\n               data-image-id=\"3\"\n               data-title=\"IMG_0210\"\n               data-description=\"\"\n               data-image-slug=\"img_0210\"\n               class=\"ngg-simplelightbox\" rel=\"a5a832b6308e654ab00c4720fc05bb2d\">\n                <img\n                    title=\"IMG_0210\"\n                    alt=\"IMG_0210\"\n                    src=\"https:\/\/pekinas.hu\/wp-content\/gallery\/palyazat\/thumbs\/thumbs_IMG_0210.JPG\"\n                    width=\"240\"\n                    height=\"160\"\n                    style=\"max-width:100%;\"\n                \/>\n            <\/a>\n        <\/div>\n\t\t\t\t\t\t\t<\/div> \n\t\t\t\n\t\t\t\t<div id=\"ngg-image-3\" class=\"ngg-gallery-thumbnail-box ngg-3-columns\" >\n\t\t\t\t        <div class=\"ngg-gallery-thumbnail\">\n            <a href=\"https:\/\/pekinas.hu\/wp-content\/gallery\/palyazat\/IMG_0214.JPG\"\n               title=\"\"\n               data-src=\"https:\/\/pekinas.hu\/wp-content\/gallery\/palyazat\/IMG_0214.JPG\"\n               data-thumbnail=\"https:\/\/pekinas.hu\/wp-content\/gallery\/palyazat\/thumbs\/thumbs_IMG_0214.JPG\"\n               data-image-id=\"4\"\n               data-title=\"IMG_0214\"\n               data-description=\"\"\n               data-image-slug=\"img_0214\"\n               class=\"ngg-simplelightbox\" rel=\"a5a832b6308e654ab00c4720fc05bb2d\">\n                <img\n                    title=\"IMG_0214\"\n                    alt=\"IMG_0214\"\n                    src=\"https:\/\/pekinas.hu\/wp-content\/gallery\/palyazat\/thumbs\/thumbs_IMG_0214.JPG\"\n                    width=\"240\"\n                    height=\"160\"\n                    style=\"max-width:100%;\"\n                \/>\n            <\/a>\n        <\/div>\n\t\t\t\t\t\t\t<\/div> \n\t\t\t\n\t\t\t\t<div id=\"ngg-image-4\" class=\"ngg-gallery-thumbnail-box ngg-3-columns\" >\n\t\t\t\t        <div class=\"ngg-gallery-thumbnail\">\n            <a href=\"https:\/\/pekinas.hu\/wp-content\/gallery\/palyazat\/IMG_0370.JPG\"\n               title=\"\"\n               data-src=\"https:\/\/pekinas.hu\/wp-content\/gallery\/palyazat\/IMG_0370.JPG\"\n               data-thumbnail=\"https:\/\/pekinas.hu\/wp-content\/gallery\/palyazat\/thumbs\/thumbs_IMG_0370.JPG\"\n               data-image-id=\"5\"\n               data-title=\"IMG_0370\"\n               data-description=\"\"\n               data-image-slug=\"img_0370\"\n               class=\"ngg-simplelightbox\" rel=\"a5a832b6308e654ab00c4720fc05bb2d\">\n                <img\n                    title=\"IMG_0370\"\n                    alt=\"IMG_0370\"\n                    src=\"https:\/\/pekinas.hu\/wp-content\/gallery\/palyazat\/thumbs\/thumbs_IMG_0370.JPG\"\n                    width=\"240\"\n                    height=\"160\"\n                    style=\"max-width:100%;\"\n                \/>\n            <\/a>\n        <\/div>\n\t\t\t\t\t\t\t<\/div> \n\t\t\t\n\t\t\t\t<div id=\"ngg-image-5\" class=\"ngg-gallery-thumbnail-box ngg-3-columns\" >\n\t\t\t\t        <div class=\"ngg-gallery-thumbnail\">\n            <a href=\"https:\/\/pekinas.hu\/wp-content\/gallery\/palyazat\/IMG_0373.JPG\"\n               title=\"\"\n               data-src=\"https:\/\/pekinas.hu\/wp-content\/gallery\/palyazat\/IMG_0373.JPG\"\n               data-thumbnail=\"https:\/\/pekinas.hu\/wp-content\/gallery\/palyazat\/thumbs\/thumbs_IMG_0373.JPG\"\n               data-image-id=\"6\"\n               data-title=\"IMG_0373\"\n               data-description=\"\"\n               data-image-slug=\"img_0373\"\n               class=\"ngg-simplelightbox\" rel=\"a5a832b6308e654ab00c4720fc05bb2d\">\n                <img\n                    title=\"IMG_0373\"\n                    alt=\"IMG_0373\"\n                    src=\"https:\/\/pekinas.hu\/wp-content\/gallery\/palyazat\/thumbs\/thumbs_IMG_0373.JPG\"\n                    width=\"240\"\n                    height=\"160\"\n                    style=\"max-width:100%;\"\n                \/>\n            <\/a>\n        <\/div>\n\t\t\t\t\t\t\t<\/div> \n\t\t\t\n\t\t\t\t<div id=\"ngg-image-6\" class=\"ngg-gallery-thumbnail-box ngg-3-columns\" >\n\t\t\t\t        <div class=\"ngg-gallery-thumbnail\">\n            <a href=\"https:\/\/pekinas.hu\/wp-content\/gallery\/palyazat\/IMG_0380.JPG\"\n               title=\"\"\n               data-src=\"https:\/\/pekinas.hu\/wp-content\/gallery\/palyazat\/IMG_0380.JPG\"\n               data-thumbnail=\"https:\/\/pekinas.hu\/wp-content\/gallery\/palyazat\/thumbs\/thumbs_IMG_0380.JPG\"\n               data-image-id=\"7\"\n               data-title=\"IMG_0380\"\n               data-description=\"\"\n               data-image-slug=\"img_0380\"\n               class=\"ngg-simplelightbox\" rel=\"a5a832b6308e654ab00c4720fc05bb2d\">\n                <img\n                    title=\"IMG_0380\"\n                    alt=\"IMG_0380\"\n                    src=\"https:\/\/pekinas.hu\/wp-content\/gallery\/palyazat\/thumbs\/thumbs_IMG_0380.JPG\"\n                    width=\"240\"\n                    height=\"160\"\n                    style=\"max-width:100%;\"\n                \/>\n            <\/a>\n        <\/div>\n\t\t\t\t\t\t\t<\/div> \n\t\t\t\n\t\t\t\t<div id=\"ngg-image-7\" class=\"ngg-gallery-thumbnail-box ngg-3-columns\" >\n\t\t\t\t        <div class=\"ngg-gallery-thumbnail\">\n            <a href=\"https:\/\/pekinas.hu\/wp-content\/gallery\/palyazat\/IMG_0381.JPG\"\n               title=\"\"\n               data-src=\"https:\/\/pekinas.hu\/wp-content\/gallery\/palyazat\/IMG_0381.JPG\"\n               data-thumbnail=\"https:\/\/pekinas.hu\/wp-content\/gallery\/palyazat\/thumbs\/thumbs_IMG_0381.JPG\"\n               data-image-id=\"8\"\n               data-title=\"IMG_0381\"\n               data-description=\"\"\n               data-image-slug=\"img_0381\"\n               class=\"ngg-simplelightbox\" rel=\"a5a832b6308e654ab00c4720fc05bb2d\">\n                <img\n                    title=\"IMG_0381\"\n                    alt=\"IMG_0381\"\n                    src=\"https:\/\/pekinas.hu\/wp-content\/gallery\/palyazat\/thumbs\/thumbs_IMG_0381.JPG\"\n                    width=\"240\"\n                    height=\"160\"\n                    style=\"max-width:100%;\"\n                \/>\n            <\/a>\n        <\/div>\n\t\t\t\t\t\t\t<\/div> \n\t\t\t\n\t\t\t\t<div id=\"ngg-image-8\" class=\"ngg-gallery-thumbnail-box ngg-3-columns\" >\n\t\t\t\t        <div class=\"ngg-gallery-thumbnail\">\n            <a href=\"https:\/\/pekinas.hu\/wp-content\/gallery\/palyazat\/IMG_0427.JPG\"\n               title=\"\"\n               data-src=\"https:\/\/pekinas.hu\/wp-content\/gallery\/palyazat\/IMG_0427.JPG\"\n               data-thumbnail=\"https:\/\/pekinas.hu\/wp-content\/gallery\/palyazat\/thumbs\/thumbs_IMG_0427.JPG\"\n               data-image-id=\"9\"\n               data-title=\"IMG_0427\"\n               data-description=\"\"\n               data-image-slug=\"img_0427\"\n               class=\"ngg-simplelightbox\" rel=\"a5a832b6308e654ab00c4720fc05bb2d\">\n                <img\n                    title=\"IMG_0427\"\n                    alt=\"IMG_0427\"\n                    src=\"https:\/\/pekinas.hu\/wp-content\/gallery\/palyazat\/thumbs\/thumbs_IMG_0427.JPG\"\n                    width=\"240\"\n                    height=\"160\"\n                    style=\"max-width:100%;\"\n                \/>\n            <\/a>\n        <\/div>\n\t\t\t\t\t\t\t<\/div> \n\t\t\t\n\t\t\t\t<div id=\"ngg-image-9\" class=\"ngg-gallery-thumbnail-box ngg-3-columns\" >\n\t\t\t\t        <div class=\"ngg-gallery-thumbnail\">\n            <a href=\"https:\/\/pekinas.hu\/wp-content\/gallery\/palyazat\/IMG_0428.JPG\"\n               title=\"\"\n               data-src=\"https:\/\/pekinas.hu\/wp-content\/gallery\/palyazat\/IMG_0428.JPG\"\n               data-thumbnail=\"https:\/\/pekinas.hu\/wp-content\/gallery\/palyazat\/thumbs\/thumbs_IMG_0428.JPG\"\n               data-image-id=\"10\"\n               data-title=\"IMG_0428\"\n               data-description=\"\"\n               data-image-slug=\"img_0428\"\n               class=\"ngg-simplelightbox\" rel=\"a5a832b6308e654ab00c4720fc05bb2d\">\n                <img\n                    title=\"IMG_0428\"\n                    alt=\"IMG_0428\"\n                    src=\"https:\/\/pekinas.hu\/wp-content\/gallery\/palyazat\/thumbs\/thumbs_IMG_0428.JPG\"\n                    width=\"240\"\n                    height=\"160\"\n                    style=\"max-width:100%;\"\n                \/>\n            <\/a>\n        <\/div>\n\t\t\t\t\t\t\t<\/div> \n\t\t\t\n\t\t\t\t<div id=\"ngg-image-10\" class=\"ngg-gallery-thumbnail-box ngg-3-columns\" >\n\t\t\t\t        <div class=\"ngg-gallery-thumbnail\">\n            <a href=\"https:\/\/pekinas.hu\/wp-content\/gallery\/palyazat\/IMG_0429.JPG\"\n               title=\"\"\n               data-src=\"https:\/\/pekinas.hu\/wp-content\/gallery\/palyazat\/IMG_0429.JPG\"\n               data-thumbnail=\"https:\/\/pekinas.hu\/wp-content\/gallery\/palyazat\/thumbs\/thumbs_IMG_0429.JPG\"\n               data-image-id=\"11\"\n               data-title=\"IMG_0429\"\n               data-description=\"\"\n               data-image-slug=\"img_0429\"\n               class=\"ngg-simplelightbox\" rel=\"a5a832b6308e654ab00c4720fc05bb2d\">\n                <img\n                    title=\"IMG_0429\"\n                    alt=\"IMG_0429\"\n                    src=\"https:\/\/pekinas.hu\/wp-content\/gallery\/palyazat\/thumbs\/thumbs_IMG_0429.JPG\"\n                    width=\"240\"\n                    height=\"160\"\n                    style=\"max-width:100%;\"\n                \/>\n            <\/a>\n        <\/div>\n\t\t\t\t\t\t\t<\/div> \n\t\t\t\n\t\t\t\t<div id=\"ngg-image-11\" class=\"ngg-gallery-thumbnail-box ngg-3-columns\" >\n\t\t\t\t        <div class=\"ngg-gallery-thumbnail\">\n            <a href=\"https:\/\/pekinas.hu\/wp-content\/gallery\/palyazat\/IMG_0431.JPG\"\n               title=\"\"\n               data-src=\"https:\/\/pekinas.hu\/wp-content\/gallery\/palyazat\/IMG_0431.JPG\"\n               data-thumbnail=\"https:\/\/pekinas.hu\/wp-content\/gallery\/palyazat\/thumbs\/thumbs_IMG_0431.JPG\"\n               data-image-id=\"12\"\n               data-title=\"IMG_0431\"\n               data-description=\"\"\n               data-image-slug=\"img_0431\"\n               class=\"ngg-simplelightbox\" rel=\"a5a832b6308e654ab00c4720fc05bb2d\">\n                <img\n                    title=\"IMG_0431\"\n                    alt=\"IMG_0431\"\n                    src=\"https:\/\/pekinas.hu\/wp-content\/gallery\/palyazat\/thumbs\/thumbs_IMG_0431.JPG\"\n                    width=\"240\"\n                    height=\"160\"\n                    style=\"max-width:100%;\"\n                \/>\n            <\/a>\n        <\/div>\n\t\t\t\t\t\t\t<\/div> \n\t\t\t\n\t\n\t<br style=\"clear: both\" \/>\n\n\t\n\t\t<!-- Pagination -->\n\t<div class='ngg-clear'><\/div>\t<\/div>\n[av_image src=&#8217;http:\/\/www.pekinas.hu\/wp-content\/uploads\/2018\/08\/eu2020-1.jpg&#8217; attachment=&#8217;691&#8242; attachment_size=&#8217;full&#8217; align=&#8217;center&#8217; styling=&#8221; hover=&#8221; link=&#8221; target=&#8221; caption=&#8221; font_size=&#8221; appearance=&#8221; overlay_opacity=&#8217;0.4&#8242; overlay_color=&#8217;#000000&#8242; overlay_text_color=&#8217;#ffffff&#8217; copyright=&#8221; animation=&#8217;no-animation&#8217; av_uid=&#8217;av-jkax4j87&#8242; admin_preview_bg=&#8221;][\/av_image]<\/p>","protected":false},"excerpt":{"rendered":"<p>[av_heading tag=&#8217;h2&#8242; padding=&#8217;10&#8217; heading=&#8217;P\u00e1ly\u00e1zat&#8217; color=&#8221; style=&#8217;blockquote modern-quote modern-centered&#8217; custom_font=&#8221; size=&#8221; subheading_active=&#8221; subheading_size=&#8217;15&#8217; custom_class=&#8221; admin_preview_bg=&#8221; av-desktop-hide=&#8221; av-medium-hide=&#8221; av-small-hide=&#8221; av-mini-hide=&#8221; av-medium-font-size-title=&#8221; av-small-font-size-title=&#8221; av-mini-font-size-title=&#8221; av-medium-font-size=&#8221; av-small-font-size=&#8221; av-mini-font-size=&#8221; margin=&#8221;][\/av_heading] [av_textblock size=&#8221; font_color=&#8221; color=&#8221; av-medium-font-size=&#8221; av-small-font-size=&#8221; av-mini-font-size=&#8221; av_uid=&#8217;av-jkax478x&#8217; admin_preview_bg=&#8221;] Kedvezm\u00e9nyezett neve: P\u00e9csi P\u00e9kinas Manufakt\u00fara Korl\u00e1tolt Felel\u0151ss\u00e9g\u0171 T\u00e1rsas\u00e1g &#8211; a projekt c\u00edme: Kiemelked\u0151 pozit\u00edv \u00e9lettani hat\u00e1s\u00fa s\u00fct\u0151ipari term\u00e9kek kifejleszt\u00e9se, fagyasztott \u00e9s [&hellip;]<\/p>","protected":false},"author":1,"featured_media":0,"parent":0,"menu_order":0,"comment_status":"closed","ping_status":"closed","template":"","meta":{"_et_pb_use_builder":"","_et_pb_old_content":"","_et_gb_content_width":"","ngg_post_thumbnail":0},"acf":[],"_links":{"self":[{"href":"https:\/\/pekinas.hu\/en\/wp-json\/wp\/v2\/pages\/688"}],"collection":[{"href":"https:\/\/pekinas.hu\/en\/wp-json\/wp\/v2\/pages"}],"about":[{"href":"https:\/\/pekinas.hu\/en\/wp-json\/wp\/v2\/types\/page"}],"author":[{"embeddable":true,"href":"https:\/\/pekinas.hu\/en\/wp-json\/wp\/v2\/users\/1"}],"replies":[{"embeddable":true,"href":"https:\/\/pekinas.hu\/en\/wp-json\/wp\/v2\/comments?post=688"}],"version-history":[{"count":7,"href":"https:\/\/pekinas.hu\/en\/wp-json\/wp\/v2\/pages\/688\/revisions"}],"predecessor-version":[{"id":995,"href":"https:\/\/pekinas.hu\/en\/wp-json\/wp\/v2\/pages\/688\/revisions\/995"}],"wp:attachment":[{"href":"https:\/\/pekinas.hu\/en\/wp-json\/wp\/v2\/media?parent=688"}],"curies":[{"name":"wp","href":"https:\/\/api.w.org\/{rel}","templated":true}]}}