{"id":798,"date":"2019-01-18T18:50:56","date_gmt":"2019-01-18T18:50:56","guid":{"rendered":"http:\/\/dev.pekinas.hu\/?page_id=798"},"modified":"2020-10-05T11:53:47","modified_gmt":"2020-10-05T11:53:47","slug":"bemutatkozas","status":"publish","type":"page","link":"https:\/\/pekinas.hu\/en\/bemutatkozas\/","title":{"rendered":"Bemutatkoz\u00e1s"},"content":{"rendered":"[et_pb_section admin_label=&#8221;section&#8221;]\n\t\t\t[et_pb_row admin_label=&#8221;row&#8221;]\n\t\t\t\t[et_pb_column type=&#8221;4_4&#8243;][et_pb_text admin_label=&#8221;Text&#8221;]<!-- divi:paragraph -->\n<p>C\u00e9g\u00fcnk hazai, csal\u00e1di tulajdonban l\u00e9v\u0151, helyi v\u00e1llalkoz\u00e1s, Baranya \u00e9s Tolna megye harmadik legnagyobb s\u00fct\u0151ipari v\u00e1llalata. <\/p>\n<!-- \/divi:paragraph -->\n\n<!-- divi:paragraph -->\n<p>2015 \u00e9v v\u00e9g\u00e9n alakult azzal a c\u00e9llal, hogy partnerh\u00e1l\u00f3zatunk s\u00fct\u0151ipari besz\u00e1ll\u00edt\u00f3i kitetts\u00e9g\u00e9t megsz\u00fcntess\u00fck a t\u00e9rs\u00e9gben. <\/p>\n<!-- \/divi:paragraph -->\n\n<!-- divi:paragraph -->\n<p>2016 \u00e9v elej\u00e9n kezdt\u00fck meg az \u00fczletek kiszolg\u00e1l\u00e1s\u00e1t, k\u00f6zel 50 f\u00e9le napi friss term\u00e9kkel.M\u00e1ra 36 munkav\u00e1llal\u00f3 dolgozik azon, hogy minden nap kiv\u00e1l\u00f3 min\u0151s\u00e9g\u0171 p\u00e9k\u00e1ruval l\u00e1ssuk el partnereinket, akik k\u00f6z\u00f6tt m\u00e1r megtal\u00e1lhat\u00f3ak k\u00f6zint\u00e9zm\u00e9nyek, alap\u00edtv\u00e1nyok \u00e9s f\u00fcggetlen \u00fczletek is.<\/p>\n<!-- \/divi:paragraph -->\n\n<!-- divi:paragraph -->\n<p>2017 \u00e9v elej\u00e9n megnyitottuk az els\u0151 saj\u00e1t \u00fczemeltet\u00e9s\u0171 csemegeboltunkat P\u00e9csett a Tetty\u00e9n. <\/p>\n<!-- \/divi:paragraph -->\n\n<!-- divi:paragraph -->\n<p>2020 janu\u00e1rj\u00e1ban a p\u00e9csi Megyeri t\u00e9ri Re\u00e1l C+C \u00c1ruh\u00e1zban megtal\u00e1lhat\u00f3 mintaboltunkkal b\u0151v\u00edtett\u00fck tev\u00e9kenys\u00e9g\u00fcnket. Ez \u00e9v folyam\u00e1n a P\u00e9csi Tudom\u00e1nyegyetemmel egy\u00fcttm\u0171k\u00f6dve saj\u00e1t fejleszt\u00e9s\u0171 allerg\u00e9nmentes \u00e9s funkcion\u00e1lis term\u00e9kcsal\u00e1ddal eg\u00e9sz\u00edtj\u00fck ki term\u00e9kpalett\u00e1nkat.<\/p>\n<!-- \/divi:paragraph -->[\/et_pb_text][\/et_pb_column]\n\t\t\t[\/et_pb_row]\n\t\t[\/et_pb_section]","protected":false},"excerpt":{"rendered":"<p>C\u00e9g\u00fcnk hazai, csal\u00e1di tulajdonban l\u00e9v\u0151, helyi v\u00e1llalkoz\u00e1s, Baranya \u00e9s Tolna megye harmadik legnagyobb s\u00fct\u0151ipari v\u00e1llalata. 2015 \u00e9v v\u00e9g\u00e9n alakult azzal a c\u00e9llal, hogy partnerh\u00e1l\u00f3zatunk s\u00fct\u0151ipari besz\u00e1ll\u00edt\u00f3i kitetts\u00e9g\u00e9t megsz\u00fcntess\u00fck a t\u00e9rs\u00e9gben. 2016 \u00e9v elej\u00e9n kezdt\u00fck meg az \u00fczletek kiszolg\u00e1l\u00e1s\u00e1t, k\u00f6zel 50 f\u00e9le napi friss term\u00e9kkel.M\u00e1ra 36 munkav\u00e1llal\u00f3 dolgozik azon, hogy minden nap kiv\u00e1l\u00f3 min\u0151s\u00e9g\u0171 p\u00e9k\u00e1ruval l\u00e1ssuk [&hellip;]<\/p>","protected":false},"author":1,"featured_media":826,"parent":0,"menu_order":0,"comment_status":"closed","ping_status":"closed","template":"page_bemutatkozas.php","meta":{"_et_pb_use_builder":"on","_et_pb_old_content":"<!-- wp:divi\/layout -->\n<div class=\"wp-block-divi-layout\">[et_pb_section fb_built=\"1\" admin_label=\"Header\" _builder_version=\"4.6.4\" custom_margin=\"-5px|||||\" custom_padding=\"9px|0px|2px|0px|false|false\" hover_enabled=\"0\" module_id=\"bemutatkozas\" sticky_enabled=\"0\"][et_pb_row column_structure=\"2_3,1_3\" _builder_version=\"3.25\" custom_padding=\"0|0px|1px|0px|false|false\"][et_pb_column type=\"2_3\" _builder_version=\"3.25\" custom_padding=\"|||\" custom_padding__hover=\"|||\"][et_pb_image src=\"https:\/\/pekinas.hu\/wp-content\/uploads\/2020\/07\/bakery-04.png\" title_text=\"bakery-04\" align_tablet=\"center\" align_phone=\"\" align_last_edited=\"on|desktop\" _builder_version=\"4.6.4\" custom_margin=\"-1px|-10vw|0px|||\" locked=\"off\"][\/et_pb_image][et_pb_text _builder_version=\"4.6.4\" text_font=\"||||||||\" text_line_height=\"2em\" header_font=\"Patua One||||||||\" header_font_size=\"70px\" header_line_height=\"1.2em\" header_2_font=\"Patua One|600|||||||\" header_2_font_size=\"36px\" header_2_line_height=\"1.4em\" header_3_font=\"||||||||\" header_4_font=\"Patua One|||on|||||\" header_4_text_align=\"center\" header_4_text_color=\"#a06d51\" header_4_font_size=\"25px\" header_4_letter_spacing=\"1px\" header_4_line_height=\"1.4em\" custom_margin=\"||10px\" header_font_size_tablet=\"40px\" header_font_size_phone=\"\" header_font_size_last_edited=\"on|tablet\" header_2_font_size_tablet=\"26px\" header_2_font_size_phone=\"20px\" header_2_font_size_last_edited=\"on|phone\" locked=\"off\"]<h4>hagyom\u00e1ny \u00e9s innov\u00e1ci\u00f3<\/h4>\n[\/et_pb_text][et_pb_image src=\"https:\/\/pekinas.hu\/wp-content\/uploads\/2020\/09\/bakery-37.png\" align=\"center\" _builder_version=\"4.6.4\" always_center_on_mobile=\"off\" locked=\"off\"][\/et_pb_image][et_pb_text _builder_version=\"4.6.4\" text_font=\"||||||||\" text_font_size=\"16px\" text_line_height=\"2em\" header_font=\"Playfair Display||||||||\" header_text_align=\"center\" header_font_size=\"76px\" header_line_height=\"1.2em\" header_2_font=\"Patua One|600|||||||\" header_2_font_size=\"36px\" header_2_line_height=\"1.4em\" header_3_font=\"||||||||\" header_4_font=\"Patua One|||on|||||\" header_4_text_color=\"#a06d51\" header_4_font_size=\"14px\" header_4_letter_spacing=\"1px\" header_4_line_height=\"1.4em\" text_orientation=\"center\" max_width=\"700px\" module_alignment=\"center\" header_font_size_tablet=\"40px\" header_font_size_phone=\"\" header_font_size_last_edited=\"on|tablet\" header_2_font_size_tablet=\"26px\" header_2_font_size_phone=\"20px\" header_2_font_size_last_edited=\"on|phone\" locked=\"off\"]<h1>P\u00e9csi P\u00e9kinas Manufakt\u00fara<\/h1>\n<p>Sz\u00e1munkra a legfontosabb, a min\u0151s\u00e9g \u00e9s a megb\u00edzhat\u00f3s\u00e1g, ez az alapja mindennek.<\/p>\n[\/et_pb_text][\/et_pb_column][et_pb_column type=\"1_3\" _builder_version=\"3.25\" custom_padding=\"|||\" custom_padding__hover=\"|||\"][et_pb_image src=\"https:\/\/pekinas.hu\/wp-content\/uploads\/2020\/09\/bakery-39.png\" title_text=\"bakery-39\" align=\"right\" _builder_version=\"4.6.4\" background_image=\"https:\/\/pekinas.hu\/wp-content\/uploads\/2020\/09\/backaldrin_Urkornbrot2-scaled.jpg\" background_position=\"center_right\" background_blend=\"overlay\" max_width_tablet=\"100px\" max_width_phone=\"\" max_width_last_edited=\"on|tablet\" max_height=\"600px\" custom_margin=\"-3vw|-10vw|-3vw||true|false\" custom_margin_tablet=\"|||\" custom_margin_phone=\"\" custom_margin_last_edited=\"on|tablet\" animation_style=\"slide\" animation_direction=\"bottom\" animation_intensity_slide=\"10%\" always_center_on_mobile=\"off\" locked=\"off\"][\/et_pb_image][\/et_pb_column][\/et_pb_row][\/et_pb_section][et_pb_section fb_built=\"1\" specialty=\"on\" admin_label=\"About\" _builder_version=\"3.22\" custom_padding=\"0px||1px|||\"][et_pb_column type=\"1_3\" _builder_version=\"3.25\" custom_padding=\"|||\" custom_padding__hover=\"|||\"][et_pb_image src=\"https:\/\/pekinas.hu\/wp-content\/uploads\/2020\/09\/bakery-39.png\" title_text=\"osgabona-szemek-scaled fel\" align=\"right\" _builder_version=\"4.6.4\" background_image=\"https:\/\/pekinas.hu\/wp-content\/uploads\/2020\/09\/osgabona-szemek-scaled-fel.jpg\" parallax=\"on\" max_width_tablet=\"100px\" max_width_phone=\"\" max_width_last_edited=\"on|tablet\" custom_margin=\"||-4px|-10vw||\" custom_margin_tablet=\"|||\" custom_margin_phone=\"\" custom_margin_last_edited=\"on|tablet\" animation_style=\"slide\" animation_direction=\"bottom\" animation_intensity_slide=\"10%\" always_center_on_mobile=\"off\" locked=\"off\"][\/et_pb_image][\/et_pb_column][et_pb_column type=\"2_3\" specialty_columns=\"2\" _builder_version=\"3.25\" custom_padding=\"|||\" custom_padding__hover=\"|||\"][et_pb_row_inner _builder_version=\"3.25\"][et_pb_column_inner saved_specialty_column_type=\"2_3\" _builder_version=\"3.25\" custom_padding=\"|||\" custom_padding__hover=\"|||\"][et_pb_image src=\"https:\/\/pekinas.hu\/wp-content\/uploads\/2020\/09\/bakery-38.jpg\" disabled_on=\"on|on|off\" _builder_version=\"3.23\" always_center_on_mobile=\"off\"][\/et_pb_image][et_pb_text _builder_version=\"4.6.4\" text_font=\"||||||||\" text_line_height=\"2em\" header_font=\"||||||||\" header_2_font=\"Playfair Display|600|||||||\" header_2_font_size=\"36px\" header_2_line_height=\"1.4em\" header_3_font=\"||||||||\" header_4_font=\"Patua One|||on|||||\" header_4_text_color=\"#a06d51\" header_4_font_size=\"14px\" header_4_letter_spacing=\"1px\" header_4_line_height=\"1.4em\" header_2_font_size_tablet=\"26px\" header_2_font_size_phone=\"20px\" header_2_font_size_last_edited=\"on|phone\" locked=\"off\"]<h4>Baking Since 2015<\/h4>\n<h2>T\u00f6rt\u00e9net\u00fcnk<\/h2>\n[\/et_pb_text][et_pb_text _builder_version=\"4.6.4\" text_font=\"||||||||\" text_line_height=\"2em\" header_font=\"||||||||\" header_2_font=\"Patua One|600|||||||\" header_2_line_height=\"1.4em\" header_3_font=\"||||||||\" header_4_font=\"Patua One|||on|||||\" header_4_text_color=\"#a06d51\" header_4_font_size=\"14px\" header_4_letter_spacing=\"1px\" header_4_line_height=\"1.4em\" locked=\"off\"]<p style=\"text-align: justify;\">C\u00e9g\u00fcnk hazai, csal\u00e1di tulajdonban l\u00e9v\u0151, helyi v\u00e1llalkoz\u00e1s, Baranya \u00e9s Tolna megye harmadik legnagyobb s\u00fct\u0151ipari v\u00e1llalata.<\/p>\n<p style=\"text-align: justify;\">2015 \u00e9v v\u00e9g\u00e9n alakult azzal a c\u00e9llal, hogy partnerh\u00e1l\u00f3zatunk s\u00fct\u0151ipari besz\u00e1ll\u00edt\u00f3i kitetts\u00e9g\u00e9t megsz\u00fcntess\u00fck a t\u00e9rs\u00e9gben.<\/p>\n<p style=\"text-align: justify;\">2016 \u00e9v elej\u00e9n kezdt\u00fck meg az \u00fczletek kiszolg\u00e1l\u00e1s\u00e1t, k\u00f6zel 50 f\u00e9le napi friss term\u00e9kkel.M\u00e1ra 36 munkav\u00e1llal\u00f3 dolgozik azon, hogy minden nap kiv\u00e1l\u00f3 min\u0151s\u00e9g\u0171 p\u00e9k\u00e1ruval l\u00e1ssuk el partnereinket, akik k\u00f6z\u00f6tt m\u00e1r megtal\u00e1lhat\u00f3ak k\u00f6zint\u00e9zm\u00e9nyek, alap\u00edtv\u00e1nyok \u00e9s f\u00fcggetlen \u00fczletek is.<\/p>\n<p style=\"text-align: justify;\">2017 \u00e9v elej\u00e9n megnyitottuk az els\u0151 saj\u00e1t \u00fczemeltet\u00e9s\u0171 csemegeboltunkat P\u00e9csett a Tetty\u00e9n.<\/p>\n<p style=\"text-align: justify;\">2020 janu\u00e1rj\u00e1ban a p\u00e9csi Megyeri t\u00e9ri Re\u00e1l C+C \u00c1ruh\u00e1zban megtal\u00e1lhat\u00f3 mintaboltunkkal b\u0151v\u00edtett\u00fck tev\u00e9kenys\u00e9g\u00fcnket. Ez \u00e9v folyam\u00e1n a P\u00e9csi Tudom\u00e1nyegyetemmel egy\u00fcttm\u0171k\u00f6dve saj\u00e1t fejleszt\u00e9s\u0171 allerg\u00e9nmentes \u00e9s funkcion\u00e1lis term\u00e9kcsal\u00e1ddal eg\u00e9sz\u00edtj\u00fck ki term\u00e9kpalett\u00e1nkat.<\/p>\n[\/et_pb_text][\/et_pb_column_inner][\/et_pb_row_inner][et_pb_row_inner column_structure=\"1_2,1_2\" _builder_version=\"3.25\"][et_pb_column_inner type=\"1_2\" saved_specialty_column_type=\"2_3\" _builder_version=\"3.25\" custom_padding=\"|||\" custom_padding__hover=\"|||\"][et_pb_text _builder_version=\"4.6.4\" text_font=\"||||||||\" text_line_height=\"2em\" header_font=\"||||||||\" header_2_font=\"Patua One|600|||||||\" header_2_font_size=\"36px\" header_2_line_height=\"1.4em\" header_3_font=\"Patua One|600||on|||||\" header_3_font_size=\"16px\" header_3_letter_spacing=\"1px\" header_3_line_height=\"1.4em\" header_4_font=\"Patua One|||on|||||\" header_4_text_color=\"#a06d51\" header_4_font_size=\"14px\" header_4_letter_spacing=\"1px\" header_4_line_height=\"1.4em\" custom_margin=\"||60px|||\" header_2_font_size_tablet=\"26px\" header_2_font_size_phone=\"20px\" header_2_font_size_last_edited=\"on|phone\" header_3_font_size_phone=\"16px\" header_3_font_size_last_edited=\"off|phone\" locked=\"off\"]<h3 style=\"text-align: center;\">Napi friss term\u00e9keink<\/h3>\n<p style=\"text-align: justify;\">Friss p\u00e9k\u00e1ruk egyenesen a s\u00fct\u0151b\u0151l.&nbsp; Ha szeretn\u00e9l t\u00f6bbet megtudni kattints az al\u00e1bbi gombra.<\/p>\n[\/et_pb_text][et_pb_button button_url=\"https:\/\/pekinas.hu\/termekek\/\" url_new_window=\"on\" button_text=\"friss p\u00e9k\u00e1ruk\" button_alignment=\"center\" _builder_version=\"4.6.4\" custom_button=\"on\" button_text_size=\"14px\" button_text_color=\"#ffffff\" button_bg_color=\"#a06d51\" button_border_width=\"0px\" button_border_radius=\"0px\" button_letter_spacing=\"1px\" button_font=\"PT Sans|700||on|||||\" button_icon=\"%%3%%\" button_on_hover=\"off\" custom_margin=\"0px|||||false\" custom_padding=\"16px|40px|16px|20px|true|false\" locked=\"off\"][\/et_pb_button][\/et_pb_column_inner][et_pb_column_inner type=\"1_2\" saved_specialty_column_type=\"2_3\" _builder_version=\"3.25\" custom_padding=\"|||\" custom_padding__hover=\"|||\"][et_pb_text _builder_version=\"4.6.4\" text_font=\"||||||||\" text_line_height=\"2em\" header_font=\"||||||||\" header_2_font=\"Patua One|600|||||||\" header_2_font_size=\"36px\" header_2_line_height=\"1.4em\" header_3_font=\"Patua One|600||on|||||\" header_3_font_size=\"16px\" header_3_letter_spacing=\"1px\" header_3_line_height=\"1.4em\" header_4_font=\"Patua One|||on|||||\" header_4_text_color=\"#a06d51\" header_4_font_size=\"14px\" header_4_letter_spacing=\"1px\" header_4_line_height=\"1.4em\" header_5_font=\"||||||||\" header_2_font_size_tablet=\"26px\" header_2_font_size_phone=\"20px\" header_2_font_size_last_edited=\"on|phone\" header_3_font_size_phone=\"16px\" header_3_font_size_last_edited=\"off|phone\" locked=\"off\"]<h3 style=\"text-align: center;\">glut\u00e9nmentes p\u00e9k\u00e1ruk<\/h3>\n<p style=\"text-align: justify;\">Garant\u00e1ltan glut\u00e9nmentes p\u00e9k term\u00e9kek hazai tiszta \u00fczemben, megb\u00edzhat\u00f3 gy\u00e1rt\u00f3t\u00f3l. N\u00e9zd meg az \u00f6sszes glut\u00e9nmentes term\u00e9k\u00fcnket.<\/p>\n[\/et_pb_text][et_pb_button button_url=\"https:\/\/pekinas.hu\/glutenmentes_pekaruk\/\" url_new_window=\"on\" button_text=\"glut\u00e9nmentes p\u00e9k\u00e1ruk\" button_alignment=\"center\" _builder_version=\"4.6.4\" custom_button=\"on\" button_text_size=\"14px\" button_text_color=\"#ffffff\" button_bg_color=\"#a06d51\" button_border_width=\"0px\" button_border_radius=\"0px\" button_letter_spacing=\"1px\" button_font=\"PT Sans|700||on|||||\" button_icon=\"%%3%%\" button_on_hover=\"off\" custom_margin=\"|||||false\" custom_padding=\"16px|40px|16px|20px|true|false\" locked=\"off\"][\/et_pb_button][\/et_pb_column_inner][\/et_pb_row_inner][\/et_pb_column][\/et_pb_section][et_pb_section fb_built=\"1\" admin_label=\"Process\" _builder_version=\"3.22\" custom_margin=\"0px|||||\" custom_padding=\"6px||5px|||\"][et_pb_row column_structure=\"1_2,1_2\" _builder_version=\"4.6.4\" custom_padding=\"7px|||||\"][et_pb_column type=\"1_2\" _builder_version=\"3.25\" custom_padding=\"|||\" custom_padding__hover=\"|||\"][et_pb_image src=\"https:\/\/pekinas.hu\/wp-content\/uploads\/2020\/09\/bakery-icon-04.png\" align=\"center\" _builder_version=\"4.6.4\" always_center_on_mobile=\"off\"][\/et_pb_image][et_pb_text _builder_version=\"4.6.4\" text_font=\"||||||||\" text_line_height=\"2em\" header_font=\"||||||||\" header_2_font=\"Patua One|600|||||||\" header_2_font_size=\"36px\" header_2_line_height=\"1.4em\" header_3_font=\"Patua One|600||on|||||\" header_3_font_size=\"16px\" header_3_letter_spacing=\"1px\" header_3_line_height=\"1.4em\" header_4_font=\"Patua One|||on|||||\" header_4_text_color=\"#a06d51\" header_4_font_size=\"14px\" header_4_letter_spacing=\"1px\" header_4_line_height=\"1.4em\" custom_padding=\"||0px|||\" header_2_font_size_tablet=\"26px\" header_2_font_size_phone=\"20px\" header_2_font_size_last_edited=\"on|phone\" header_3_font_size_phone=\"16px\" header_3_font_size_last_edited=\"off|phone\" locked=\"off\"]<h3 style=\"text-align: center;\">Legy\u00e9l viszontelad\u00f3nk<\/h3>\n<p style=\"text-align: center;\">5 meggy\u0151z\u0151 \u00e9rv, hogy mi\u00e9rt \u00e9rdemes kib\u0151v\u00edteni boldod k\u00edn\u00e1lat\u00e1t glut\u00e9nmentes term\u00e9keinkkel.<\/p>\n<p style=\"text-align: center;\">Ha szeretn\u00e9l min\u0151s\u00e9gi glut\u00e9nmentes p\u00e9k\u00e1rut \u00e9rt\u00e9kes\u00edteni min\u0151s\u00e9gi boltodban, jelentkezz kiemelt Partnerk\u00e9nt.<span style=\"font-size: 1rem;\">&nbsp;<\/span><\/p>\n[\/et_pb_text][et_pb_button button_url=\"https:\/\/pekinas.hu\/legy_viszonteladonk\/\" url_new_window=\"on\" button_text=\"k\u00edv\u00e1ncsi vagyok az 5 \u00e9rvre\" button_alignment=\"center\" _builder_version=\"4.6.4\" custom_button=\"on\" button_text_size=\"14px\" button_text_color=\"#ffffff\" button_bg_color=\"#a06d51\" button_border_width=\"0px\" button_border_radius=\"0px\" button_letter_spacing=\"1px\" button_font=\"PT Sans|700||on|||||\" button_icon=\"%%3%%\" button_on_hover=\"off\" custom_margin=\"0px|||||false\" custom_padding=\"16px|40px|16px|20px|true|false\" locked=\"off\"][\/et_pb_button][\/et_pb_column][et_pb_column type=\"1_2\" _builder_version=\"3.25\" custom_padding=\"|||\" custom_padding__hover=\"|||\"][et_pb_image src=\"https:\/\/pekinas.hu\/wp-content\/uploads\/2020\/09\/bakery-icon-02.png\" align=\"center\" _builder_version=\"4.6.4\" always_center_on_mobile=\"off\"][\/et_pb_image][et_pb_text _builder_version=\"4.6.4\" text_font=\"||||||||\" text_line_height=\"2em\" header_font=\"||||||||\" header_2_font=\"Patua One|600|||||||\" header_2_font_size=\"36px\" header_2_line_height=\"1.4em\" header_3_font=\"Patua One|600||on|||||\" header_3_font_size=\"16px\" header_3_letter_spacing=\"1px\" header_3_line_height=\"1.4em\" header_4_font=\"Patua One|||on|||||\" header_4_text_color=\"#a06d51\" header_4_font_size=\"14px\" header_4_letter_spacing=\"1px\" header_4_line_height=\"1.4em\" custom_margin=\"||58px|||\" header_2_font_size_tablet=\"26px\" header_2_font_size_phone=\"20px\" header_2_font_size_last_edited=\"on|phone\" header_3_font_size_phone=\"16px\" header_3_font_size_last_edited=\"off|phone\" locked=\"off\"]<h3 style=\"text-align: center;\">Glut\u00e9nmentes \u00edz-lik gasztorblog<\/h3>\n<p style=\"text-align: center;\">A <strong>P\u00e9csi P\u00e9kinas Manufakt\u00fara<\/strong> \u00e9s Koh\u00e1ri \u00c9va \u00f6sszefog\u00e1s\u00e1val seg\u00edt\u00fcnk a h\u00e9tk\u00f6znapokban, hiszen glut\u00e9n\u00e9rz\u00e9kenyk\u00e9nt is lehet teljes \u00e9letet \u00e9lni.<\/p>\n<p style=\"text-align: center;\">Ha k\u00edv\u00e1ncsi vagy a receptekre kattints a blogra.<\/p>\n[\/et_pb_text][et_pb_button button_url=\"https:\/\/pekinas.hu\/blog\/\" url_new_window=\"on\" button_text=\"k\u00edv\u00e1ncsi vagyok a receptekre\" button_alignment=\"center\" _builder_version=\"4.6.4\" custom_button=\"on\" button_text_size=\"14px\" button_text_color=\"#ffffff\" button_bg_color=\"#a06d51\" button_border_width=\"0px\" button_border_radius=\"0px\" button_letter_spacing=\"1px\" button_font=\"PT Sans|700||on|||||\" button_icon=\"%%3%%\" button_on_hover=\"off\" custom_margin=\"5px|||||false\" custom_padding=\"16px|40px|16px|20px|true|false\" locked=\"off\"][\/et_pb_button][\/et_pb_column][\/et_pb_row][\/et_pb_section][et_pb_section fb_built=\"1\" admin_label=\"Gallery\" _builder_version=\"3.22\" custom_padding=\"3px||0px|||\"][et_pb_row column_structure=\"1_2,1_2\" use_custom_gutter=\"on\" gutter_width=\"1\" _builder_version=\"3.25\" width=\"100%\" max_width=\"100%\" custom_padding=\"5px||0px|||\" use_custom_width=\"on\" width_unit=\"off\" custom_width_percent=\"100%\"][et_pb_column type=\"1_2\" _builder_version=\"3.25\" custom_padding=\"|||\" custom_padding__hover=\"|||\"][et_pb_image src=\"https:\/\/pekinas.hu\/wp-content\/uploads\/2020\/09\/bakery-44.jpg\" title_text=\"bakery-44\" align_tablet=\"center\" align_phone=\"\" align_last_edited=\"on|desktop\" _builder_version=\"4.6.4\" custom_margin_tablet=\"||30px\" custom_margin_phone=\"\" custom_margin_last_edited=\"on|desktop\"][\/et_pb_image][\/et_pb_column][et_pb_column type=\"1_2\" _builder_version=\"3.25\" custom_padding=\"|||\" custom_padding__hover=\"|||\"][et_pb_image src=\"https:\/\/pekinas.hu\/wp-content\/uploads\/2020\/09\/bakery-45.jpg\" align_tablet=\"center\" align_phone=\"\" align_last_edited=\"on|desktop\" _builder_version=\"3.23\"][\/et_pb_image][\/et_pb_column][\/et_pb_row][\/et_pb_section][et_pb_section fb_built=\"1\" admin_label=\"Footer\" _builder_version=\"4.6.4\" use_background_color_gradient=\"on\" background_color_gradient_start=\"#160d08\" background_color_gradient_end=\"rgba(0,0,0,0.66)\" background_color_gradient_overlays_image=\"on\" background_image=\"https:\/\/pekinas.hu\/wp-content\/uploads\/2020\/09\/6779048410_26c020a6d2_k.jpg\" custom_padding=\"0|0px|38px|0px|false|false\" locked=\"off\"][et_pb_row _builder_version=\"3.25\" width=\"100%\" max_width=\"100%\" custom_padding=\"0|0px|0|0px|false|false\" use_custom_width=\"on\" width_unit=\"off\" custom_width_percent=\"100%\"][et_pb_column type=\"4_4\" _builder_version=\"3.25\" custom_padding=\"|||\" custom_padding__hover=\"|||\"][\/et_pb_column][\/et_pb_row][et_pb_row column_structure=\"1_3,1_3,1_3\" _builder_version=\"4.6.4\" custom_margin=\"87px|auto|87px|auto|true|\" custom_padding=\"21px|||||\"][et_pb_column type=\"1_3\" _builder_version=\"3.25\" custom_padding=\"|||\" custom_padding__hover=\"|||\"][et_pb_text _builder_version=\"4.6.4\" text_font=\"PT Sans|700|||||||\" text_font_size=\"22px\" text_line_height=\"2em\" link_font=\"||||||||\" link_text_color=\"#a06d51\" header_font=\"||||||||\" header_3_font=\"PT Sans|700|||||||\" header_3_text_color=\"#a06d51\" header_3_line_height=\"2em\" background_layout=\"dark\" locked=\"off\"]<h3>C\u00edm:<\/h3>\n<p><span>7630 P\u00e9cs, Hengermalom u. 8.<\/span><\/p>\n[\/et_pb_text][\/et_pb_column][et_pb_column type=\"1_3\" _builder_version=\"3.25\" custom_padding=\"|||\" custom_padding__hover=\"|||\"][et_pb_text _builder_version=\"4.6.4\" text_font=\"PT Sans|700|||||||\" text_text_color=\"#FFFFFF\" text_font_size=\"22px\" text_line_height=\"2em\" link_font=\"||||||||\" link_text_color=\"#a06d51\" header_font=\"||||||||\" header_3_font=\"PT Sans|700|||||||\" header_3_text_color=\"#a06d51\" header_3_line_height=\"2em\" background_layout=\"dark\" locked=\"off\"]<h3>Telefonsz\u00e1m:<\/h3>\n<p><span style=\"color: #ffffff;\"><strong><a href=\"tel:\/\/36-70-677-9346\" style=\"color: #ffffff;\">+36 70 677 9346<\/a><\/strong><\/span><\/p>\n[\/et_pb_text][\/et_pb_column][et_pb_column type=\"1_3\" _builder_version=\"3.25\" custom_padding=\"|||\" custom_padding__hover=\"|||\"][et_pb_text _builder_version=\"4.6.4\" text_font=\"PT Sans|700|||||||\" text_line_height=\"2em\" link_font=\"||||||||\" link_text_color=\"#a06d51\" header_font=\"||||||||\" header_3_font=\"PT Sans|700|||||||\" header_3_text_color=\"#a06d51\" header_3_line_height=\"2em\" background_layout=\"dark\" custom_margin=\"||4px\" locked=\"off\"]<h3>K\u00f6vess minket<\/h3>\n[\/et_pb_text][et_pb_social_media_follow use_icon_font_size=\"on\" icon_font_size=\"30px\" _builder_version=\"4.6.4\" text_orientation=\"left\" custom_margin=\"|-10px|0px|-10px|false|true\" custom_padding=\"|0px||0px|false|true\"][et_pb_social_media_follow_network social_network=\"facebook\" url=\"https:\/\/www.facebook.com\/pecsipekinas\" _builder_version=\"4.6.4\" background_color=\"rgba(59,89,152,0)\" box_shadow_style__hover=\"none\" box_shadow_style__hover_enabled=\"none\" box_shadow_color__hover=\"rgba(0,0,0,0.3)\" box_shadow_color__hover_enabled=\"rgba(0,0,0,0.3)\" filter_hue_rotate__hover=\"0deg\" filter_hue_rotate__hover_enabled=\"0deg\" filter_saturate__hover=\"100%\" filter_saturate__hover_enabled=\"100%\" filter_brightness__hover=\"100%\" filter_brightness__hover_enabled=\"100%\" filter_contrast__hover=\"100%\" filter_contrast__hover_enabled=\"100%\" filter_invert__hover=\"0%\" filter_invert__hover_enabled=\"0%\" filter_sepia__hover=\"0%\" filter_sepia__hover_enabled=\"0%\" filter_opacity__hover=\"100%\" filter_opacity__hover_enabled=\"100%\" filter_blur__hover=\"0px\" filter_blur__hover_enabled=\"0px\" mix_blend_mode__hover=\"normal\" mix_blend_mode__hover_enabled=\"normal\" follow_button=\"off\" url_new_window=\"on\"]facebook[\/et_pb_social_media_follow_network][et_pb_social_media_follow_network social_network=\"instagram\" _builder_version=\"4.6.4\" background_color=\"rgba(234,44,89,0)\" box_shadow_style__hover=\"none\" box_shadow_style__hover_enabled=\"none\" box_shadow_color__hover=\"rgba(0,0,0,0.3)\" box_shadow_color__hover_enabled=\"rgba(0,0,0,0.3)\" filter_hue_rotate__hover=\"0deg\" filter_hue_rotate__hover_enabled=\"0deg\" filter_saturate__hover=\"100%\" filter_saturate__hover_enabled=\"100%\" filter_brightness__hover=\"100%\" filter_brightness__hover_enabled=\"100%\" filter_contrast__hover=\"100%\" filter_contrast__hover_enabled=\"100%\" filter_invert__hover=\"0%\" filter_invert__hover_enabled=\"0%\" filter_sepia__hover=\"0%\" filter_sepia__hover_enabled=\"0%\" filter_opacity__hover=\"100%\" filter_opacity__hover_enabled=\"100%\" filter_blur__hover=\"0px\" filter_blur__hover_enabled=\"0px\" mix_blend_mode__hover=\"normal\" mix_blend_mode__hover_enabled=\"normal\" follow_button=\"off\" url_new_window=\"on\"]instagram[\/et_pb_social_media_follow_network][\/et_pb_social_media_follow][\/et_pb_column][\/et_pb_row][\/et_pb_section]<\/div>\n<!-- \/wp:divi\/layout -->","_et_gb_content_width":"","ngg_post_thumbnail":0},"acf":[],"_links":{"self":[{"href":"https:\/\/pekinas.hu\/en\/wp-json\/wp\/v2\/pages\/798"}],"collection":[{"href":"https:\/\/pekinas.hu\/en\/wp-json\/wp\/v2\/pages"}],"about":[{"href":"https:\/\/pekinas.hu\/en\/wp-json\/wp\/v2\/types\/page"}],"author":[{"embeddable":true,"href":"https:\/\/pekinas.hu\/en\/wp-json\/wp\/v2\/users\/1"}],"replies":[{"embeddable":true,"href":"https:\/\/pekinas.hu\/en\/wp-json\/wp\/v2\/comments?post=798"}],"version-history":[{"count":23,"href":"https:\/\/pekinas.hu\/en\/wp-json\/wp\/v2\/pages\/798\/revisions"}],"predecessor-version":[{"id":2267,"href":"https:\/\/pekinas.hu\/en\/wp-json\/wp\/v2\/pages\/798\/revisions\/2267"}],"wp:featuredmedia":[{"embeddable":true,"href":"https:\/\/pekinas.hu\/en\/wp-json\/wp\/v2\/media\/826"}],"wp:attachment":[{"href":"https:\/\/pekinas.hu\/en\/wp-json\/wp\/v2\/media?parent=798"}],"curies":[{"name":"wp","href":"https:\/\/api.w.org\/{rel}","templated":true}]}}