{"id":925,"date":"2019-02-18T22:16:03","date_gmt":"2019-02-18T22:16:03","guid":{"rendered":"https:\/\/dev.pekinas.hu\/?page_id=925"},"modified":"2019-11-13T20:06:17","modified_gmt":"2019-11-13T20:06:17","slug":"palyazat-2","status":"publish","type":"page","link":"https:\/\/pekinas.hu\/en\/palyazat-2\/","title":{"rendered":"P\u00e1ly\u00e1zat"},"content":{"rendered":"<p> Kedvezm\u00e9nyezett neve: <strong>P\u00e9csi P\u00e9kinas Manufakt\u00fara Korl\u00e1tolt Felel\u0151ss\u00e9g\u0171 T\u00e1rsas\u00e1g<\/strong><br> \u2013 a projekt c\u00edme: <strong>Kiemelked\u0151 pozit\u00edv \u00e9lettani hat\u00e1s\u00fa s\u00fct\u0151ipari term\u00e9kek kifejleszt\u00e9se, fagyasztott \u00e9s napi friss gy\u00e1rt\u00e1stechnol\u00f3gia mellett.<\/strong><br> \u2013 a szerz\u0151d\u00f6tt t\u00e1mogat\u00e1s \u00f6sszege: <strong>49.994.808 Ft<\/strong><br> \u2013 a t\u00e1mogat\u00e1s m\u00e9rt\u00e9ke (%-ban): <strong>65.99 %<\/strong><br> \u2013 a projekt tartalm\u00e1nak bemutat\u00e1sa: A fejleszt\u00e9s c\u00e9lja egy eg\u00e9szs\u00e9ges  s\u00fct\u0151ipari term\u00e9kk\u00f6r, illetve az ennek alapj\u00e1t ad\u00f3 \u201dalapt\u00e9szta\u201d  kifejleszt\u00e9se gyorsfagyasztott \u00e9s napi friss term\u00e9k kateg\u00f3ri\u00e1kban mely  t\u00e1pl\u00e1l\u00f3, eg\u00e9szs\u00e9ges, de m\u00e9gis \u00edzvil\u00e1g\u00e1ban \u00f6sszeegyeztethet\u0151 a  hagyom\u00e1nyos, nem eg\u00e9szs\u00e9gtudatos \u00e9s eg\u00e9szs\u00e9gtudatos v\u00e1s\u00e1rl\u00f3 \u00edzl\u00e9s\u00e9vel, anyagi  lehet\u0151s\u00e9geivel \u00e9s p\u00e9nzt\u00e1rc\u00e1j\u00e1val.<br> \u2013 a projekt tervezett befejez\u00e9si d\u00e1tuma: 2019.02.28.<br> \u2013 projekt azonos\u00edt\u00f3 sz\u00e1ma: GINOP-2.1.7-15-2016-01656 <\/p>\n\n\n\n<!-- default-view.php -->\n<div\n\tclass=\"ngg-galleryoverview default-view\"\n\tid=\"ngg-gallery-ef5e9f939260f9791bda68252db68122-1\">\n\n\t\t<!-- Thumbnails -->\n\t\t\t\t<div id=\"ngg-image-0\" class=\"ngg-gallery-thumbnail-box\" >\n\t\t\t\t        <div class=\"ngg-gallery-thumbnail\">\n            <a href=\"https:\/\/pekinas.hu\/wp-content\/gallery\/palyazat\/Eta\u0301zs.JPG\"\n               title=\"\"\n               data-src=\"https:\/\/pekinas.hu\/wp-content\/gallery\/palyazat\/Eta%CC%81zs.JPG\"\n               data-thumbnail=\"https:\/\/pekinas.hu\/wp-content\/gallery\/palyazat\/thumbs\/thumbs_Eta%CC%81zs.JPG\"\n               data-image-id=\"1\"\n               data-title=\"Eta\u0301zs\"\n               data-description=\"\"\n               data-image-slug=\"eta%cc%81zs\"\n               class=\"ngg-simplelightbox\" rel=\"ef5e9f939260f9791bda68252db68122\">\n                <img\n                    title=\"Eta\u0301zs\"\n                    alt=\"Eta\u0301zs\"\n                    src=\"https:\/\/pekinas.hu\/wp-content\/gallery\/palyazat\/thumbs\/thumbs_Eta%CC%81zs.JPG\"\n                    width=\"240\"\n                    height=\"160\"\n                    style=\"max-width:100%;\"\n                \/>\n            <\/a>\n        <\/div>\n\t\t\t\t\t\t\t<\/div> \n\t\t\t\n\t\t\t\t<div id=\"ngg-image-1\" class=\"ngg-gallery-thumbnail-box\" >\n\t\t\t\t        <div class=\"ngg-gallery-thumbnail\">\n            <a href=\"https:\/\/pekinas.hu\/wp-content\/gallery\/palyazat\/IMG_0209.JPG\"\n               title=\"\"\n               data-src=\"https:\/\/pekinas.hu\/wp-content\/gallery\/palyazat\/IMG_0209.JPG\"\n               data-thumbnail=\"https:\/\/pekinas.hu\/wp-content\/gallery\/palyazat\/thumbs\/thumbs_IMG_0209.JPG\"\n               data-image-id=\"2\"\n               data-title=\"IMG_0209\"\n               data-description=\"\"\n               data-image-slug=\"img_0209\"\n               class=\"ngg-simplelightbox\" rel=\"ef5e9f939260f9791bda68252db68122\">\n                <img\n                    title=\"IMG_0209\"\n                    alt=\"IMG_0209\"\n                    src=\"https:\/\/pekinas.hu\/wp-content\/gallery\/palyazat\/thumbs\/thumbs_IMG_0209.JPG\"\n                    width=\"240\"\n                    height=\"160\"\n                    style=\"max-width:100%;\"\n                \/>\n            <\/a>\n        <\/div>\n\t\t\t\t\t\t\t<\/div> \n\t\t\t\n\t\t\t\t<div id=\"ngg-image-2\" class=\"ngg-gallery-thumbnail-box\" >\n\t\t\t\t        <div class=\"ngg-gallery-thumbnail\">\n            <a href=\"https:\/\/pekinas.hu\/wp-content\/gallery\/palyazat\/IMG_0210.JPG\"\n               title=\"\"\n               data-src=\"https:\/\/pekinas.hu\/wp-content\/gallery\/palyazat\/IMG_0210.JPG\"\n               data-thumbnail=\"https:\/\/pekinas.hu\/wp-content\/gallery\/palyazat\/thumbs\/thumbs_IMG_0210.JPG\"\n               data-image-id=\"3\"\n               data-title=\"IMG_0210\"\n               data-description=\"\"\n               data-image-slug=\"img_0210\"\n               class=\"ngg-simplelightbox\" rel=\"ef5e9f939260f9791bda68252db68122\">\n                <img\n                    title=\"IMG_0210\"\n                    alt=\"IMG_0210\"\n                    src=\"https:\/\/pekinas.hu\/wp-content\/gallery\/palyazat\/thumbs\/thumbs_IMG_0210.JPG\"\n                    width=\"240\"\n                    height=\"160\"\n                    style=\"max-width:100%;\"\n                \/>\n            <\/a>\n        <\/div>\n\t\t\t\t\t\t\t<\/div> \n\t\t\t\n\t\t\t\t<div id=\"ngg-image-3\" class=\"ngg-gallery-thumbnail-box\" >\n\t\t\t\t        <div class=\"ngg-gallery-thumbnail\">\n            <a href=\"https:\/\/pekinas.hu\/wp-content\/gallery\/palyazat\/IMG_0214.JPG\"\n               title=\"\"\n               data-src=\"https:\/\/pekinas.hu\/wp-content\/gallery\/palyazat\/IMG_0214.JPG\"\n               data-thumbnail=\"https:\/\/pekinas.hu\/wp-content\/gallery\/palyazat\/thumbs\/thumbs_IMG_0214.JPG\"\n               data-image-id=\"4\"\n               data-title=\"IMG_0214\"\n               data-description=\"\"\n               data-image-slug=\"img_0214\"\n               class=\"ngg-simplelightbox\" rel=\"ef5e9f939260f9791bda68252db68122\">\n                <img\n                    title=\"IMG_0214\"\n                    alt=\"IMG_0214\"\n                    src=\"https:\/\/pekinas.hu\/wp-content\/gallery\/palyazat\/thumbs\/thumbs_IMG_0214.JPG\"\n                    width=\"240\"\n                    height=\"160\"\n                    style=\"max-width:100%;\"\n                \/>\n            <\/a>\n        <\/div>\n\t\t\t\t\t\t\t<\/div> \n\t\t\t\n\t\t\t\t<div id=\"ngg-image-4\" class=\"ngg-gallery-thumbnail-box\" >\n\t\t\t\t        <div class=\"ngg-gallery-thumbnail\">\n            <a href=\"https:\/\/pekinas.hu\/wp-content\/gallery\/palyazat\/IMG_0370.JPG\"\n               title=\"\"\n               data-src=\"https:\/\/pekinas.hu\/wp-content\/gallery\/palyazat\/IMG_0370.JPG\"\n               data-thumbnail=\"https:\/\/pekinas.hu\/wp-content\/gallery\/palyazat\/thumbs\/thumbs_IMG_0370.JPG\"\n               data-image-id=\"5\"\n               data-title=\"IMG_0370\"\n               data-description=\"\"\n               data-image-slug=\"img_0370\"\n               class=\"ngg-simplelightbox\" rel=\"ef5e9f939260f9791bda68252db68122\">\n                <img\n                    title=\"IMG_0370\"\n                    alt=\"IMG_0370\"\n                    src=\"https:\/\/pekinas.hu\/wp-content\/gallery\/palyazat\/thumbs\/thumbs_IMG_0370.JPG\"\n                    width=\"240\"\n                    height=\"160\"\n                    style=\"max-width:100%;\"\n                \/>\n            <\/a>\n        <\/div>\n\t\t\t\t\t\t\t<\/div> \n\t\t\t\n\t\t\t\t<div id=\"ngg-image-5\" class=\"ngg-gallery-thumbnail-box\" >\n\t\t\t\t        <div class=\"ngg-gallery-thumbnail\">\n            <a href=\"https:\/\/pekinas.hu\/wp-content\/gallery\/palyazat\/IMG_0373.JPG\"\n               title=\"\"\n               data-src=\"https:\/\/pekinas.hu\/wp-content\/gallery\/palyazat\/IMG_0373.JPG\"\n               data-thumbnail=\"https:\/\/pekinas.hu\/wp-content\/gallery\/palyazat\/thumbs\/thumbs_IMG_0373.JPG\"\n               data-image-id=\"6\"\n               data-title=\"IMG_0373\"\n               data-description=\"\"\n               data-image-slug=\"img_0373\"\n               class=\"ngg-simplelightbox\" rel=\"ef5e9f939260f9791bda68252db68122\">\n                <img\n                    title=\"IMG_0373\"\n                    alt=\"IMG_0373\"\n                    src=\"https:\/\/pekinas.hu\/wp-content\/gallery\/palyazat\/thumbs\/thumbs_IMG_0373.JPG\"\n                    width=\"240\"\n                    height=\"160\"\n                    style=\"max-width:100%;\"\n                \/>\n            <\/a>\n        <\/div>\n\t\t\t\t\t\t\t<\/div> \n\t\t\t\n\t\t\t\t<div id=\"ngg-image-6\" class=\"ngg-gallery-thumbnail-box\" >\n\t\t\t\t        <div class=\"ngg-gallery-thumbnail\">\n            <a href=\"https:\/\/pekinas.hu\/wp-content\/gallery\/palyazat\/IMG_0380.JPG\"\n               title=\"\"\n               data-src=\"https:\/\/pekinas.hu\/wp-content\/gallery\/palyazat\/IMG_0380.JPG\"\n               data-thumbnail=\"https:\/\/pekinas.hu\/wp-content\/gallery\/palyazat\/thumbs\/thumbs_IMG_0380.JPG\"\n               data-image-id=\"7\"\n               data-title=\"IMG_0380\"\n               data-description=\"\"\n               data-image-slug=\"img_0380\"\n               class=\"ngg-simplelightbox\" rel=\"ef5e9f939260f9791bda68252db68122\">\n                <img\n                    title=\"IMG_0380\"\n                    alt=\"IMG_0380\"\n                    src=\"https:\/\/pekinas.hu\/wp-content\/gallery\/palyazat\/thumbs\/thumbs_IMG_0380.JPG\"\n                    width=\"240\"\n                    height=\"160\"\n                    style=\"max-width:100%;\"\n                \/>\n            <\/a>\n        <\/div>\n\t\t\t\t\t\t\t<\/div> \n\t\t\t\n\t\t\t\t<div id=\"ngg-image-7\" class=\"ngg-gallery-thumbnail-box\" >\n\t\t\t\t        <div class=\"ngg-gallery-thumbnail\">\n            <a href=\"https:\/\/pekinas.hu\/wp-content\/gallery\/palyazat\/IMG_0381.JPG\"\n               title=\"\"\n               data-src=\"https:\/\/pekinas.hu\/wp-content\/gallery\/palyazat\/IMG_0381.JPG\"\n               data-thumbnail=\"https:\/\/pekinas.hu\/wp-content\/gallery\/palyazat\/thumbs\/thumbs_IMG_0381.JPG\"\n               data-image-id=\"8\"\n               data-title=\"IMG_0381\"\n               data-description=\"\"\n               data-image-slug=\"img_0381\"\n               class=\"ngg-simplelightbox\" rel=\"ef5e9f939260f9791bda68252db68122\">\n                <img\n                    title=\"IMG_0381\"\n                    alt=\"IMG_0381\"\n                    src=\"https:\/\/pekinas.hu\/wp-content\/gallery\/palyazat\/thumbs\/thumbs_IMG_0381.JPG\"\n                    width=\"240\"\n                    height=\"160\"\n                    style=\"max-width:100%;\"\n                \/>\n            <\/a>\n        <\/div>\n\t\t\t\t\t\t\t<\/div> \n\t\t\t\n\t\t\t\t<div id=\"ngg-image-8\" class=\"ngg-gallery-thumbnail-box\" >\n\t\t\t\t        <div class=\"ngg-gallery-thumbnail\">\n            <a href=\"https:\/\/pekinas.hu\/wp-content\/gallery\/palyazat\/IMG_0427.JPG\"\n               title=\"\"\n               data-src=\"https:\/\/pekinas.hu\/wp-content\/gallery\/palyazat\/IMG_0427.JPG\"\n               data-thumbnail=\"https:\/\/pekinas.hu\/wp-content\/gallery\/palyazat\/thumbs\/thumbs_IMG_0427.JPG\"\n               data-image-id=\"9\"\n               data-title=\"IMG_0427\"\n               data-description=\"\"\n               data-image-slug=\"img_0427\"\n               class=\"ngg-simplelightbox\" rel=\"ef5e9f939260f9791bda68252db68122\">\n                <img\n                    title=\"IMG_0427\"\n                    alt=\"IMG_0427\"\n                    src=\"https:\/\/pekinas.hu\/wp-content\/gallery\/palyazat\/thumbs\/thumbs_IMG_0427.JPG\"\n                    width=\"240\"\n                    height=\"160\"\n                    style=\"max-width:100%;\"\n                \/>\n            <\/a>\n        <\/div>\n\t\t\t\t\t\t\t<\/div> \n\t\t\t\n\t\t\t\t<div id=\"ngg-image-9\" class=\"ngg-gallery-thumbnail-box\" >\n\t\t\t\t        <div class=\"ngg-gallery-thumbnail\">\n            <a href=\"https:\/\/pekinas.hu\/wp-content\/gallery\/palyazat\/IMG_0428.JPG\"\n               title=\"\"\n               data-src=\"https:\/\/pekinas.hu\/wp-content\/gallery\/palyazat\/IMG_0428.JPG\"\n               data-thumbnail=\"https:\/\/pekinas.hu\/wp-content\/gallery\/palyazat\/thumbs\/thumbs_IMG_0428.JPG\"\n               data-image-id=\"10\"\n               data-title=\"IMG_0428\"\n               data-description=\"\"\n               data-image-slug=\"img_0428\"\n               class=\"ngg-simplelightbox\" rel=\"ef5e9f939260f9791bda68252db68122\">\n                <img\n                    title=\"IMG_0428\"\n                    alt=\"IMG_0428\"\n                    src=\"https:\/\/pekinas.hu\/wp-content\/gallery\/palyazat\/thumbs\/thumbs_IMG_0428.JPG\"\n                    width=\"240\"\n                    height=\"160\"\n                    style=\"max-width:100%;\"\n                \/>\n            <\/a>\n        <\/div>\n\t\t\t\t\t\t\t<\/div> \n\t\t\t\n\t\t\t\t<div id=\"ngg-image-10\" class=\"ngg-gallery-thumbnail-box\" >\n\t\t\t\t        <div class=\"ngg-gallery-thumbnail\">\n            <a href=\"https:\/\/pekinas.hu\/wp-content\/gallery\/palyazat\/IMG_0429.JPG\"\n               title=\"\"\n               data-src=\"https:\/\/pekinas.hu\/wp-content\/gallery\/palyazat\/IMG_0429.JPG\"\n               data-thumbnail=\"https:\/\/pekinas.hu\/wp-content\/gallery\/palyazat\/thumbs\/thumbs_IMG_0429.JPG\"\n               data-image-id=\"11\"\n               data-title=\"IMG_0429\"\n               data-description=\"\"\n               data-image-slug=\"img_0429\"\n               class=\"ngg-simplelightbox\" rel=\"ef5e9f939260f9791bda68252db68122\">\n                <img\n                    title=\"IMG_0429\"\n                    alt=\"IMG_0429\"\n                    src=\"https:\/\/pekinas.hu\/wp-content\/gallery\/palyazat\/thumbs\/thumbs_IMG_0429.JPG\"\n                    width=\"240\"\n                    height=\"160\"\n                    style=\"max-width:100%;\"\n                \/>\n            <\/a>\n        <\/div>\n\t\t\t\t\t\t\t<\/div> \n\t\t\t\n\t\t\t\t<div id=\"ngg-image-11\" class=\"ngg-gallery-thumbnail-box\" >\n\t\t\t\t        <div class=\"ngg-gallery-thumbnail\">\n            <a href=\"https:\/\/pekinas.hu\/wp-content\/gallery\/palyazat\/IMG_0431.JPG\"\n               title=\"\"\n               data-src=\"https:\/\/pekinas.hu\/wp-content\/gallery\/palyazat\/IMG_0431.JPG\"\n               data-thumbnail=\"https:\/\/pekinas.hu\/wp-content\/gallery\/palyazat\/thumbs\/thumbs_IMG_0431.JPG\"\n               data-image-id=\"12\"\n               data-title=\"IMG_0431\"\n               data-description=\"\"\n               data-image-slug=\"img_0431\"\n               class=\"ngg-simplelightbox\" rel=\"ef5e9f939260f9791bda68252db68122\">\n                <img\n                    title=\"IMG_0431\"\n                    alt=\"IMG_0431\"\n                    src=\"https:\/\/pekinas.hu\/wp-content\/gallery\/palyazat\/thumbs\/thumbs_IMG_0431.JPG\"\n                    width=\"240\"\n                    height=\"160\"\n                    style=\"max-width:100%;\"\n                \/>\n            <\/a>\n        <\/div>\n\t\t\t\t\t\t\t<\/div> \n\t\t\t\n\t\n\t<br style=\"clear: both\" \/>\n\n\t\n\t\t<!-- Pagination -->\n\t<div class='ngg-clear'><\/div>\t<\/div>\n\n\n\n\n<div class=\"wp-block-image\"><figure class=\"aligncenter\"><img decoding=\"async\" loading=\"lazy\" width=\"946\" height=\"672\" src=\"https:\/\/dev.pekinas.hu\/wp-content\/uploads\/2019\/02\/eu2020-1.jpg\" alt=\"\" class=\"wp-image-931\" srcset=\"https:\/\/pekinas.hu\/wp-content\/uploads\/2019\/02\/eu2020-1.jpg 946w, https:\/\/pekinas.hu\/wp-content\/uploads\/2019\/02\/eu2020-1-300x213.jpg 300w, https:\/\/pekinas.hu\/wp-content\/uploads\/2019\/02\/eu2020-1-768x546.jpg 768w, https:\/\/pekinas.hu\/wp-content\/uploads\/2019\/02\/eu2020-1-480x341.jpg 480w, https:\/\/pekinas.hu\/wp-content\/uploads\/2019\/02\/eu2020-1-676x480.jpg 676w\" sizes=\"(max-width: 946px) 100vw, 946px\" \/><\/figure><\/div>","protected":false},"excerpt":{"rendered":"<p>Kedvezm\u00e9nyezett neve: P\u00e9csi P\u00e9kinas Manufakt\u00fara Korl\u00e1tolt Felel\u0151ss\u00e9g\u0171 T\u00e1rsas\u00e1g \u2013 a projekt c\u00edme: Kiemelked\u0151 pozit\u00edv \u00e9lettani hat\u00e1s\u00fa s\u00fct\u0151ipari term\u00e9kek kifejleszt\u00e9se, fagyasztott \u00e9s napi friss gy\u00e1rt\u00e1stechnol\u00f3gia mellett. \u2013 a szerz\u0151d\u00f6tt t\u00e1mogat\u00e1s \u00f6sszege: 49.994.808 Ft \u2013 a t\u00e1mogat\u00e1s m\u00e9rt\u00e9ke (%-ban): 65.99 % \u2013 a projekt tartalm\u00e1nak bemutat\u00e1sa: A fejleszt\u00e9s c\u00e9lja egy eg\u00e9szs\u00e9ges s\u00fct\u0151ipari term\u00e9kk\u00f6r, illetve az ennek alapj\u00e1t [&hellip;]<\/p>","protected":false},"author":1,"featured_media":0,"parent":0,"menu_order":0,"comment_status":"closed","ping_status":"closed","template":"page_2020.php","meta":{"_et_pb_use_builder":"","_et_pb_old_content":"","_et_gb_content_width":"","ngg_post_thumbnail":0},"acf":[],"_links":{"self":[{"href":"https:\/\/pekinas.hu\/en\/wp-json\/wp\/v2\/pages\/925"}],"collection":[{"href":"https:\/\/pekinas.hu\/en\/wp-json\/wp\/v2\/pages"}],"about":[{"href":"https:\/\/pekinas.hu\/en\/wp-json\/wp\/v2\/types\/page"}],"author":[{"embeddable":true,"href":"https:\/\/pekinas.hu\/en\/wp-json\/wp\/v2\/users\/1"}],"replies":[{"embeddable":true,"href":"https:\/\/pekinas.hu\/en\/wp-json\/wp\/v2\/comments?post=925"}],"version-history":[{"count":10,"href":"https:\/\/pekinas.hu\/en\/wp-json\/wp\/v2\/pages\/925\/revisions"}],"predecessor-version":[{"id":996,"href":"https:\/\/pekinas.hu\/en\/wp-json\/wp\/v2\/pages\/925\/revisions\/996"}],"wp:attachment":[{"href":"https:\/\/pekinas.hu\/en\/wp-json\/wp\/v2\/media?parent=925"}],"curies":[{"name":"wp","href":"https:\/\/api.w.org\/{rel}","templated":true}]}}